{"id":104,"date":"2025-11-10T16:22:06","date_gmt":"2025-11-10T19:22:06","guid":{"rendered":"https:\/\/portal.sbenq.org.br\/eneq\/?page_id=104"},"modified":"2026-03-02T12:44:22","modified_gmt":"2026-03-02T15:44:22","slug":"visitacoes-na-cidade-de-pelotas","status":"publish","type":"page","link":"https:\/\/portal.sbenq.org.br\/eneq\/atividades-culturais\/visitacoes-na-cidade-de-pelotas\/","title":{"rendered":"Visita\u00e7\u00f5es na cidade de Pelotas"},"content":{"rendered":"\n<p>Estamos reunindo todas as informa\u00e7\u00f5es para voc\u00ea ter uma excelente experi\u00eancia no ENEQ. Aguarde que em breve traremos as informa\u00e7\u00f5es nesta p\u00e1gina.<\/p>\n","protected":false},"excerpt":{"rendered":"<p>Estamos reunindo todas as informa\u00e7\u00f5es para voc\u00ea ter uma excelente experi\u00eancia no ENEQ. Aguarde que em breve traremos as informa\u00e7\u00f5es nesta p\u00e1gina.<\/p>\n","protected":false},"author":13,"featured_media":0,"parent":100,"menu_order":0,"comment_status":"closed","ping_status":"closed","template":"","meta":{"footnotes":""},"class_list":["post-104","page","type-page","status-publish","hentry"],"_links":{"self":[{"href":"https:\/\/portal.sbenq.org.br\/eneq\/wp-json\/wp\/v2\/pages\/104","targetHints":{"allow":["GET"]}}],"collection":[{"href":"https:\/\/portal.sbenq.org.br\/eneq\/wp-json\/wp\/v2\/pages"}],"about":[{"href":"https:\/\/portal.sbenq.org.br\/eneq\/wp-json\/wp\/v2\/types\/page"}],"author":[{"embeddable":true,"href":"https:\/\/portal.sbenq.org.br\/eneq\/wp-json\/wp\/v2\/users\/13"}],"replies":[{"embeddable":true,"href":"https:\/\/portal.sbenq.org.br\/eneq\/wp-json\/wp\/v2\/comments?post=104"}],"version-history":[{"count":3,"href":"https:\/\/portal.sbenq.org.br\/eneq\/wp-json\/wp\/v2\/pages\/104\/revisions"}],"predecessor-version":[{"id":1103,"href":"https:\/\/portal.sbenq.org.br\/eneq\/wp-json\/wp\/v2\/pages\/104\/revisions\/1103"}],"up":[{"embeddable":true,"href":"https:\/\/portal.sbenq.org.br\/eneq\/wp-json\/wp\/v2\/pages\/100"}],"wp:attachment":[{"href":"https:\/\/portal.sbenq.org.br\/eneq\/wp-json\/wp\/v2\/media?parent=104"}],"curies":[{"name":"wp","href":"https:\/\/api.w.org\/{rel}","templated":true}]}}