{"id":106,"date":"2025-11-10T16:22:42","date_gmt":"2025-11-10T19:22:42","guid":{"rendered":"https:\/\/portal.sbenq.org.br\/eneq\/?page_id=106"},"modified":"2026-03-02T12:44:15","modified_gmt":"2026-03-02T15:44:15","slug":"guia-de-turismo-em-pelotas-e-arredores","status":"publish","type":"page","link":"https:\/\/portal.sbenq.org.br\/eneq\/atividades-culturais\/guia-de-turismo-em-pelotas-e-arredores\/","title":{"rendered":"Guia de Turismo em Pelotas e arredores"},"content":{"rendered":"\n<p>Estamos reunindo todas as informa\u00e7\u00f5es para voc\u00ea ter uma excelente experi\u00eancia no ENEQ. Aguarde que em breve traremos as informa\u00e7\u00f5es nesta p\u00e1gina.<\/p>\n","protected":false},"excerpt":{"rendered":"<p>Estamos reunindo todas as informa\u00e7\u00f5es para voc\u00ea ter uma excelente experi\u00eancia no ENEQ. Aguarde que em breve traremos as informa\u00e7\u00f5es nesta p\u00e1gina.<\/p>\n","protected":false},"author":13,"featured_media":0,"parent":100,"menu_order":0,"comment_status":"closed","ping_status":"closed","template":"","meta":{"footnotes":""},"class_list":["post-106","page","type-page","status-publish","hentry"],"_links":{"self":[{"href":"https:\/\/portal.sbenq.org.br\/eneq\/wp-json\/wp\/v2\/pages\/106","targetHints":{"allow":["GET"]}}],"collection":[{"href":"https:\/\/portal.sbenq.org.br\/eneq\/wp-json\/wp\/v2\/pages"}],"about":[{"href":"https:\/\/portal.sbenq.org.br\/eneq\/wp-json\/wp\/v2\/types\/page"}],"author":[{"embeddable":true,"href":"https:\/\/portal.sbenq.org.br\/eneq\/wp-json\/wp\/v2\/users\/13"}],"replies":[{"embeddable":true,"href":"https:\/\/portal.sbenq.org.br\/eneq\/wp-json\/wp\/v2\/comments?post=106"}],"version-history":[{"count":3,"href":"https:\/\/portal.sbenq.org.br\/eneq\/wp-json\/wp\/v2\/pages\/106\/revisions"}],"predecessor-version":[{"id":1102,"href":"https:\/\/portal.sbenq.org.br\/eneq\/wp-json\/wp\/v2\/pages\/106\/revisions\/1102"}],"up":[{"embeddable":true,"href":"https:\/\/portal.sbenq.org.br\/eneq\/wp-json\/wp\/v2\/pages\/100"}],"wp:attachment":[{"href":"https:\/\/portal.sbenq.org.br\/eneq\/wp-json\/wp\/v2\/media?parent=106"}],"curies":[{"name":"wp","href":"https:\/\/api.w.org\/{rel}","templated":true}]}}