{"id":108,"date":"2025-11-10T16:23:01","date_gmt":"2025-11-10T19:23:01","guid":{"rendered":"https:\/\/portal.sbenq.org.br\/eneq\/?page_id=108"},"modified":"2026-03-02T12:46:32","modified_gmt":"2026-03-02T15:46:32","slug":"jantar-de-confraternizacao","status":"publish","type":"page","link":"https:\/\/portal.sbenq.org.br\/eneq\/atividades-culturais\/jantar-de-confraternizacao\/","title":{"rendered":"Jantar de confraterniza\u00e7\u00e3o"},"content":{"rendered":"\t\t<div data-elementor-type=\"wp-page\" data-elementor-id=\"108\" class=\"elementor elementor-108\" data-elementor-settings=\"{&quot;ha_cmc_init_switcher&quot;:&quot;no&quot;}\" data-elementor-post-type=\"page\">\n\t\t\t\t<div class=\"elementor-element elementor-element-15e1c5f e-flex e-con-boxed wpr-particle-no wpr-jarallax-no wpr-parallax-no wpr-sticky-section-no e-con e-parent\" data-id=\"15e1c5f\" data-element_type=\"container\" data-settings=\"{&quot;_ha_eqh_enable&quot;:false}\">\n\t\t\t\t\t<div class=\"e-con-inner\">\n\t\t\t\t<div class=\"elementor-element elementor-element-929013d elementor-widget elementor-widget-text-editor\" data-id=\"929013d\" data-element_type=\"widget\" data-widget_type=\"text-editor.default\">\n\t\t\t\t\t\t\t\t\t<p>Tradicional nos ENEQs, o jantar de confraterniza\u00e7\u00e3o \u00e9 um espa\u00e7o descontra\u00eddo de trocas, de reencontros, de amizades, de dan\u00e7a e alegria!<\/p><p>Para o XXIII ENEQ e eventos associados estamos preparando um \u00f3timo momento.<\/p><p>Nossa confraterniza\u00e7\u00e3o ocorrer\u00e1 na <span style=\"text-decoration: underline\"><strong>QUARTA-FEIRA, 04 de novembro de 2026,<\/strong><\/span> \u00a0ap\u00f3s o evento, e ter\u00e1 dois momentos:<\/p><ol><li>Jantar<\/li><li>Festa<\/li><\/ol><p>\u00a0<\/p><p>No primeiro, estamos organizando um jantar com a cara da regi\u00e3o: um\u00a0<strong>churrasco<\/strong>! Mas calma! Caso voc\u00ea n\u00e3o coma carne, teremos op\u00e7\u00f5es de legumes e outros alimentos assados.<\/p><p>Ap\u00f3s o jantar, teremos o momento descontra\u00eddo:\u00a0<strong>a festa!\u00a0<\/strong>Estamos preparando um momento especial que nos permita aproveitar coletivamente.<\/p><p>Para que os mais diversos perfis de participantes possam se integrar neste momento, disponibilizaremos op\u00e7\u00f5es de participa\u00e7\u00e3o de um ou de outro. Contudo, ATEN\u00c7\u00c3O:\u00a0<strong>AS OS INGRESSOS S\u00c3O LIMITADOS! E cada lote tem um n\u00famero de ingressos m\u00e1ximo!<\/strong><\/p><p>Durante o processo de\u00a0<strong>INSCRI\u00c7\u00c3O VOC\u00ca J\u00c1 PODER\u00c1 RESERVAR SEU INGRESSO! Corre l\u00e1!<\/strong><\/p><p>Os valores e lotes de ingresso s\u00e3o:<\/p>\t\t\t\t\t\t\t\t<\/div>\n\t\t\t\t\t<\/div>\n\t\t\t\t<\/div>\n\t\t<div class=\"elementor-element elementor-element-9f465cc e-flex e-con-boxed wpr-particle-no wpr-jarallax-no wpr-parallax-no wpr-sticky-section-no e-con e-parent\" data-id=\"9f465cc\" data-element_type=\"container\" data-settings=\"{&quot;_ha_eqh_enable&quot;:false}\">\n\t\t\t\t\t<div class=\"e-con-inner\">\n\t\t\t\t<div class=\"elementor-element elementor-element-e155555 elementor-widget elementor-widget-eael-advanced-data-table\" data-id=\"e155555\" data-element_type=\"widget\" data-widget_type=\"eael-advanced-data-table.default\">\n\t\t\t\t\t<div class=\"ea-advanced-data-table-wrap\" data-id=\"e155555\"><div class=\"ea-advanced-data-table-wrap-inner\">\n                <table class=\"ea-advanced-data-table ea-advanced-data-table-static ea-advanced-data-table-e155555\" data-id=\"e155555\"><thead><tr><th><p>Lote<\/p><\/th><th><p>Data limite do Lote<\/p><\/th><th><p>Valor do Ingresso Individual<\/p><\/th><\/tr><\/thead><tbody><tr><td><p>Lote 1: Jantar + Festa<\/p><\/td><td><p>10 de maio<\/p><\/td><td><p>R$80,00<\/p><\/td><\/tr><tr><td><p>Lote 2: Jantar + Festa<\/p><\/td><td><p>31 de julho<\/p><\/td><td><p>R$100,00<\/p><\/td><\/tr><tr><td><p>Lote 3: Jantar + Festa<\/p><\/td><td><p>31 de outubro<\/p><\/td><td><p>R$120,00<\/p><\/td><\/tr><tr><td><p>Lote 1: Somente Festa<\/p><\/td><td><p>10 de maio<\/p><\/td><td><p>R$40,00<\/p><\/td><\/tr><tr><td><p>Lote 2: Somente Festa<\/p><\/td><td><p>31 de julho<\/p><\/td><td><p>R$60,00<\/p><\/td><\/tr><tr><td><p>Lote 3: Somente Festa<\/p><\/td><td><p>31 de outubro<\/p><\/td><td><p>R$80,00<\/p><\/td><\/tr><\/tbody><\/table>\n            <\/div><\/div>\t\t\t\t<\/div>\n\t\t\t\t\t<\/div>\n\t\t\t\t<\/div>\n\t\t<div class=\"elementor-element elementor-element-720c489 e-flex e-con-boxed wpr-particle-no wpr-jarallax-no wpr-parallax-no wpr-sticky-section-no e-con e-parent\" data-id=\"720c489\" data-element_type=\"container\" data-settings=\"{&quot;_ha_eqh_enable&quot;:false}\">\n\t\t\t\t\t<div class=\"e-con-inner\">\n\t\t\t\t<div class=\"elementor-element elementor-element-ad154e1 elementor-widget elementor-widget-text-editor\" data-id=\"ad154e1\" data-element_type=\"widget\" data-widget_type=\"text-editor.default\">\n\t\t\t\t\t\t\t\t\t<p>Para comprar o ingresso \u00e9 simples.<\/p><p>\u00a0<\/p><p>Se voc\u00ea AINDA N\u00c3O SE INSCREVEU, aparecer\u00e1 a op\u00e7\u00e3o no momento da inscri\u00e7\u00e3o.<\/p><p>\u00a0<\/p><p>Se voc\u00ea J\u00c1 SE INSCREVEU, voc\u00ea dever\u00e1:<\/p><ol><li>Acessar a \u00e1rea logada (bot\u00e3o no menu lateral)<\/li><li>Entrar no sistema<\/li><li>Acessar o menu do seu sistema na op\u00e7\u00e3o LOJINHA<\/li><li>Clicar na op\u00e7\u00e3o PRODUTOS<\/li><li>Selecionar e inserir no carrinho os seus ingressos<\/li><\/ol>\t\t\t\t\t\t\t\t<\/div>\n\t\t\t\t<div class=\"elementor-element elementor-element-f44e48f elementor-widget elementor-widget-image\" data-id=\"f44e48f\" data-element_type=\"widget\" data-widget_type=\"image.default\">\n\t\t\t\t\t\t\t\t\t\t\t\t\t\t\t<img fetchpriority=\"high\" decoding=\"async\" width=\"300\" height=\"255\" src=\"https:\/\/portal.sbenq.org.br\/eneq\/wp-content\/uploads\/sites\/3\/2025\/11\/Quindim-300x255.png\" class=\"attachment-medium size-medium wp-image-412\" alt=\"\" srcset=\"https:\/\/portal.sbenq.org.br\/eneq\/wp-content\/uploads\/sites\/3\/2025\/11\/Quindim-300x255.png 300w, https:\/\/portal.sbenq.org.br\/eneq\/wp-content\/uploads\/sites\/3\/2025\/11\/Quindim-1024x871.png 1024w, https:\/\/portal.sbenq.org.br\/eneq\/wp-content\/uploads\/sites\/3\/2025\/11\/Quindim-768x653.png 768w, https:\/\/portal.sbenq.org.br\/eneq\/wp-content\/uploads\/sites\/3\/2025\/11\/Quindim.png 1440w\" sizes=\"(max-width: 300px) 100vw, 300px\" \/>\t\t\t\t\t\t\t\t\t\t\t\t\t\t\t<\/div>\n\t\t\t\t\t<\/div>\n\t\t\t\t<\/div>\n\t\t\t\t<\/div>\n\t\t","protected":false},"excerpt":{"rendered":"<p>Tradicional nos ENEQs, o jantar de confraterniza\u00e7\u00e3o \u00e9 um espa\u00e7o descontra\u00eddo de trocas, de reencontros, de amizades, de dan\u00e7a e alegria! Para o XXIII ENEQ e eventos associados estamos preparando um \u00f3timo momento. Nossa confraterniza\u00e7\u00e3o ocorrer\u00e1 na QUARTA-FEIRA, 04 de novembro de 2026, \u00a0ap\u00f3s o evento, e ter\u00e1 dois momentos: Jantar Festa \u00a0 No primeiro, estamos organizando um jantar com a cara da regi\u00e3o: um\u00a0churrasco! Mas calma! Caso voc\u00ea n\u00e3o coma carne, teremos op\u00e7\u00f5es de legumes e outros alimentos assados. Ap\u00f3s o jantar, teremos o momento descontra\u00eddo:\u00a0a festa!\u00a0Estamos preparando um momento especial que nos permita aproveitar coletivamente. Para que os mais diversos perfis de participantes possam se integrar neste momento, disponibilizaremos op\u00e7\u00f5es de participa\u00e7\u00e3o de um ou de outro. Contudo, ATEN\u00c7\u00c3O:\u00a0AS OS INGRESSOS S\u00c3O LIMITADOS! E cada lote tem um n\u00famero de ingressos m\u00e1ximo! Durante o processo de\u00a0INSCRI\u00c7\u00c3O VOC\u00ca J\u00c1 PODER\u00c1 RESERVAR SEU INGRESSO! Corre l\u00e1! Os valores e lotes de ingresso s\u00e3o: Lote Data limite do Lote Valor do Ingresso Individual Lote 1: Jantar + Festa 10 de maio R$80,00 Lote 2: Jantar + Festa 31 de julho R$100,00 Lote 3: Jantar + Festa 31 de outubro R$120,00 Lote 1: Somente Festa 10 de maio R$40,00 Lote 2: Somente Festa 31 de julho R$60,00 Lote 3: Somente Festa 31 de outubro R$80,00 Para comprar o ingresso \u00e9 simples. \u00a0 Se voc\u00ea AINDA N\u00c3O SE INSCREVEU, aparecer\u00e1 a op\u00e7\u00e3o no momento da inscri\u00e7\u00e3o. \u00a0 Se voc\u00ea J\u00c1 SE INSCREVEU, voc\u00ea dever\u00e1: Acessar a \u00e1rea logada (bot\u00e3o no menu lateral) Entrar no sistema Acessar o menu do seu sistema na op\u00e7\u00e3o LOJINHA Clicar na op\u00e7\u00e3o PRODUTOS Selecionar e inserir no carrinho os seus ingressos<\/p>\n","protected":false},"author":13,"featured_media":0,"parent":100,"menu_order":0,"comment_status":"closed","ping_status":"closed","template":"","meta":{"footnotes":""},"class_list":["post-108","page","type-page","status-publish","hentry"],"_links":{"self":[{"href":"https:\/\/portal.sbenq.org.br\/eneq\/wp-json\/wp\/v2\/pages\/108","targetHints":{"allow":["GET"]}}],"collection":[{"href":"https:\/\/portal.sbenq.org.br\/eneq\/wp-json\/wp\/v2\/pages"}],"about":[{"href":"https:\/\/portal.sbenq.org.br\/eneq\/wp-json\/wp\/v2\/types\/page"}],"author":[{"embeddable":true,"href":"https:\/\/portal.sbenq.org.br\/eneq\/wp-json\/wp\/v2\/users\/13"}],"replies":[{"embeddable":true,"href":"https:\/\/portal.sbenq.org.br\/eneq\/wp-json\/wp\/v2\/comments?post=108"}],"version-history":[{"count":16,"href":"https:\/\/portal.sbenq.org.br\/eneq\/wp-json\/wp\/v2\/pages\/108\/revisions"}],"predecessor-version":[{"id":1106,"href":"https:\/\/portal.sbenq.org.br\/eneq\/wp-json\/wp\/v2\/pages\/108\/revisions\/1106"}],"up":[{"embeddable":true,"href":"https:\/\/portal.sbenq.org.br\/eneq\/wp-json\/wp\/v2\/pages\/100"}],"wp:attachment":[{"href":"https:\/\/portal.sbenq.org.br\/eneq\/wp-json\/wp\/v2\/media?parent=108"}],"curies":[{"name":"wp","href":"https:\/\/api.w.org\/{rel}","templated":true}]}}