{"id":110,"date":"2025-11-10T16:23:29","date_gmt":"2025-11-10T19:23:29","guid":{"rendered":"https:\/\/portal.sbenq.org.br\/eneq\/?page_id=110"},"modified":"2026-02-27T11:29:12","modified_gmt":"2026-02-27T14:29:12","slug":"atividades-academicas","status":"publish","type":"page","link":"https:\/\/portal.sbenq.org.br\/eneq\/atividades-academicas\/","title":{"rendered":"Atividades acad\u00eamicas"},"content":{"rendered":"\t\t<div data-elementor-type=\"wp-page\" data-elementor-id=\"110\" class=\"elementor elementor-110\" data-elementor-settings=\"{&quot;ha_cmc_init_switcher&quot;:&quot;no&quot;}\" data-elementor-post-type=\"page\">\n\t\t\t\t<div class=\"elementor-element elementor-element-ccb98f0 e-flex e-con-boxed wpr-particle-no wpr-jarallax-no wpr-parallax-no wpr-sticky-section-no e-con e-parent\" data-id=\"ccb98f0\" data-element_type=\"container\" data-settings=\"{&quot;_ha_eqh_enable&quot;:false}\">\n\t\t\t\t\t<div class=\"e-con-inner\">\n\t\t\t\t<div class=\"elementor-element elementor-element-436864c elementor-widget-mobile__width-auto elementor-widget elementor-widget-text-editor\" data-id=\"436864c\" data-element_type=\"widget\" data-widget_type=\"text-editor.default\">\n\t\t\t\t\t\t\t\t\t<p>Em 2026, as atividades acad\u00eamicas ser\u00e3o organizadas em:<\/p><blockquote><h3>Palestras<\/h3><\/blockquote><ul><li>As palestras do XXIII ENEQ ser\u00e3o sobre temas relacionados \u00e0 tem\u00e1tica do evento, e contar\u00e3o com integrantes de renome na \u00e1rea do Ensino de Qu\u00edmica, de Ensino de Ci\u00eancias e de Qu\u00edmica<\/li><\/ul>\t\t\t\t\t\t\t\t<\/div>\n\t\t\t\t<div class=\"elementor-element elementor-element-21c000a elementor-widget__width-initial elementor-widget-mobile__width-auto elementor-widget elementor-widget-image\" data-id=\"21c000a\" data-element_type=\"widget\" data-widget_type=\"image.default\">\n\t\t\t\t\t\t\t\t\t\t\t\t\t\t\t<img decoding=\"async\" src=\"https:\/\/portal.sbenq.org.br\/eneq\/wp-content\/uploads\/sites\/3\/2026\/02\/formiga-6.png\" title=\"formiga 6\" alt=\"formiga 6\" loading=\"lazy\" \/>\t\t\t\t\t\t\t\t\t\t\t\t\t\t\t<\/div>\n\t\t\t\t<div class=\"elementor-element elementor-element-3731779 elementor-widget__width-initial elementor-widget elementor-widget-image\" data-id=\"3731779\" data-element_type=\"widget\" data-widget_type=\"image.default\">\n\t\t\t\t\t\t\t\t\t\t\t\t\t\t\t<img decoding=\"async\" src=\"https:\/\/portal.sbenq.org.br\/eneq\/wp-content\/uploads\/sites\/3\/2025\/11\/Quindim.png\" title=\"Quindim\" alt=\"Quindim\" loading=\"lazy\" \/>\t\t\t\t\t\t\t\t\t\t\t\t\t\t\t<\/div>\n\t\t\t\t<div class=\"elementor-element elementor-element-f6166a8 elementor-widget elementor-widget-text-editor\" data-id=\"f6166a8\" data-element_type=\"widget\" data-widget_type=\"text-editor.default\">\n\t\t\t\t\t\t\t\t\t<p>\u00a0<\/p><blockquote><h3>Temas em Debate<\/h3><\/blockquote><ul><li>Os Temas em Debate ser\u00e3o momentos de discuss\u00e3o\u00a0<strong>propostos pela comunidade<\/strong>, por meio do sistema de submiss\u00e3o. A Comiss\u00e3o Cient\u00edfica analisar\u00e1 as propostas e, al\u00e9m da sua qualidade acad\u00eamica, buscar\u00e1 os elementos de distribui\u00e7\u00e3o territorial, de g\u00eanero, de ra\u00e7a e de experi\u00eancia. Propostas que contemplem o m\u00e1ximo poss\u00edvel tais ideias ter\u00e3o prefer\u00eancia sobre as que n\u00e3o contemplarem. Por conta do tempo-espa\u00e7o ex\u00edguo do evento, ser\u00e3o selecionados 5 (cinco) Temas em Debate.\u00a0<\/li><\/ul><blockquote><h3>Mesas Redondas<\/h3><\/blockquote><ul><li>Para as Mesas Redondas foram convidadas pessoas de relev\u00e2ncia e qualifica\u00e7\u00e3o em nossa \u00e1rea para tratar de temas afetos ao evento. Tanto os temas quanto as pessoas emergiram de uma analise da Comiss\u00e3o Organizadora \u00e0 enquete encaminhada pela SBEnQ no segundo semestre de 2025.\u00a0<\/li><\/ul>\t\t\t\t\t\t\t\t<\/div>\n\t\t\t\t<div class=\"elementor-element elementor-element-f1eb5e9 elementor-widget elementor-widget-text-editor\" data-id=\"f1eb5e9\" data-element_type=\"widget\" data-widget_type=\"text-editor.default\">\n\t\t\t\t\t\t\t\t\t<p>\u00a0<\/p><blockquote><h3>Rodas Vivas<\/h3><\/blockquote><ul><li>Atividades tradicionais de serem realizadas na UFPel quando organizadora dos EDEQ, as Rodas Vivas convidam pessoas de renome em nossa \u00e1rea para ficarem ao centro de uma Roda de conversas. Mediada por uma pessoa designada pela Organiza\u00e7\u00e3o, quem fica ao centro da Roda responde \u00e0s interpela\u00e7\u00f5es da assist\u00eancia, tanto a respeito de elementos estritamente acad\u00eamicos quanto da trajet\u00f3ria. Neste ano, ser\u00e3o realizadas 2 (duas) Rodas Vivas, imperd\u00edveis!<\/li><\/ul>\t\t\t\t\t\t\t\t<\/div>\n\t\t\t\t<div class=\"elementor-element elementor-element-14352d2 elementor-widget elementor-widget-image\" data-id=\"14352d2\" data-element_type=\"widget\" data-widget_type=\"image.default\">\n\t\t\t\t\t\t\t\t\t\t\t\t\t\t\t<img fetchpriority=\"high\" decoding=\"async\" width=\"800\" height=\"82\" src=\"https:\/\/portal.sbenq.org.br\/eneq\/wp-content\/uploads\/sites\/3\/2025\/11\/linha-formiga-1024x105.png\" class=\"attachment-large size-large wp-image-616\" alt=\"\" srcset=\"https:\/\/portal.sbenq.org.br\/eneq\/wp-content\/uploads\/sites\/3\/2025\/11\/linha-formiga-1024x105.png 1024w, https:\/\/portal.sbenq.org.br\/eneq\/wp-content\/uploads\/sites\/3\/2025\/11\/linha-formiga-300x31.png 300w, https:\/\/portal.sbenq.org.br\/eneq\/wp-content\/uploads\/sites\/3\/2025\/11\/linha-formiga-768x78.png 768w, https:\/\/portal.sbenq.org.br\/eneq\/wp-content\/uploads\/sites\/3\/2025\/11\/linha-formiga-1536x157.png 1536w, https:\/\/portal.sbenq.org.br\/eneq\/wp-content\/uploads\/sites\/3\/2025\/11\/linha-formiga-2048x209.png 2048w\" sizes=\"(max-width: 800px) 100vw, 800px\" \/>\t\t\t\t\t\t\t\t\t\t\t\t\t\t\t<\/div>\n\t\t\t\t<div class=\"elementor-element elementor-element-163fa4f elementor-widget elementor-widget-text-editor\" data-id=\"163fa4f\" data-element_type=\"widget\" data-widget_type=\"text-editor.default\">\n\t\t\t\t\t\t\t\t\t<blockquote><h3>Lan\u00e7amento de Livros<\/h3><\/blockquote><ul><li>O ENEQ disponibilizar\u00e1 um espa\u00e7o para lan\u00e7amento de livros. Para saber como participar desse momento, siga as instru\u00e7\u00f5es na p\u00e1gina geral de submiss\u00f5es.<\/li><\/ul><blockquote><h3>Minicursos<\/h3><\/blockquote><ul><li>Os minicursos s\u00e3o propostas de compartilhamento de ideias pela comunidade. Tradicionais em nossos eventos, ser\u00e3o avaliadas as propostas pela comiss\u00e3o cient\u00edfica. Maiores detalhes est\u00e3o dispon\u00edveis na p\u00e1gina geral de submiss\u00f5es.<\/li><\/ul><blockquote><h3>Reuni\u00f5es de Sociedades e Grupos<\/h3><\/blockquote><ul><li>O ENEQ \u00e9 um espa\u00e7o plural e da comunidade. Com essa proposta, e atendendo a demandas da pr\u00f3pria comunidade, haver\u00e1 um espa\u00e7o na grade de programa\u00e7\u00e3o para que entidades parceiras e grupos em geral possam se reunir. Para solicitar um espa\u00e7o de participa\u00e7\u00e3o, acesse a p\u00e1gina geral de submiss\u00f5es<\/li><\/ul><blockquote><h3>Assembleia Geral da SBEnQ<\/h3><\/blockquote><ul><li>Como de praxe, e estatutariamente definido, no ENEQ ocorrer\u00e1 a Assembleia Geral da SBEnQ. Sua pauta e andamentos ser\u00e3o divulgados pela Diretoria da Sociedade nos seus meios oficiais.<\/li><\/ul>\t\t\t\t\t\t\t\t<\/div>\n\t\t\t\t<div class=\"elementor-element elementor-element-75cc137 elementor-widget elementor-widget-text-editor\" data-id=\"75cc137\" data-element_type=\"widget\" data-widget_type=\"text-editor.default\">\n\t\t\t\t\t\t\t\t\t<p>\u00a0<\/p><blockquote><h3>Apresenta\u00e7\u00f5es de P\u00f4steres<\/h3><\/blockquote><ul><li>Tradicionais nos ENEQ, a apresenta\u00e7\u00e3o de p\u00f4steres \u00e9 o espa\u00e7o para a divulga\u00e7\u00e3o simplificada de trabalhos em desenvolvimento. Sugere-se fortemente essa modalidade \u00e0quelas propostas que ainda estejam em processo de complexifica\u00e7\u00e3o. Maiores detalhes podem ser obtidos na p\u00e1gina geral de submiss\u00f5es.<\/li><\/ul><blockquote><h3>Apresenta\u00e7\u00f5es Orais<\/h3><\/blockquote><ul><li>Assim como os p\u00f4steres, as Apresenta\u00e7\u00f5es Orais tamb\u00e9m s\u00e3o tradicionais no ENEQ. Diferentemente de algumas edi\u00e7\u00f5es, nesta, que congrega EDEQ, PROFQUI-SUL e o primeiro Simp\u00f3sio Brasileiro de Ensino de Qu\u00edmica Verde e Sustent\u00e1vel (I SBEQVS), \u00e9 relevante <strong>ter aten\u00e7\u00e3o nas modalidades de<\/strong> submiss\u00e3o. A partir das linhas de pesquisa e tipo de trabalho enviado, a\u00a0<strong>avalia\u00e7\u00e3o\u00a0<\/strong>ser\u00e1 diferenciada. Sugere-se\u00a0<strong>fortemente<\/strong> que trabalhos de caracter\u00edstica descritiva ou sem elementos mais formais de an\u00e1lise (caracter\u00edsticos do EDEQ e do PROFQUI-SUL) sejam submetidos como\u00a0<strong>Relatos de Experi\u00eancia<\/strong>. Por outro lado, trabalhos com um desenho metodol\u00f3gico e anal\u00edtico mais robusto (caracter\u00edsticos dos ENEQ), sugere-se a submiss\u00e3o no formato <strong>Relato de Pesquisa<\/strong>. Como nos demais casos, maiores informa\u00e7\u00f5es est\u00e3o dispon\u00edveis na p\u00e1gina geral de submiss\u00f5es.<\/li><\/ul><blockquote><h3>Mostra de Materiais Did\u00e1ticos<\/h3><\/blockquote><ul><li>Como j\u00e1 assumido pelos ENEQ, a Mostra de Materiais Did\u00e1ticos \u00e9 um espa\u00e7o relevante de compartilhamento de propostas did\u00e1ticas. Com sua submiss\u00e3o via plataforma, no XXIII ENEQ teremos um espa\u00e7o espec\u00edfico para sua divulga\u00e7\u00e3o. Como nos demais casos, maiores informa\u00e7\u00f5es est\u00e3o dispon\u00edveis na p\u00e1gina geral de submiss\u00f5es.<\/li><\/ul>\t\t\t\t\t\t\t\t<\/div>\n\t\t\t\t\t<\/div>\n\t\t\t\t<\/div>\n\t\t\t\t<\/div>\n\t\t","protected":false},"excerpt":{"rendered":"<p>Em 2026, as atividades acad\u00eamicas ser\u00e3o organizadas em: Palestras As palestras do XXIII ENEQ ser\u00e3o sobre temas relacionados \u00e0 tem\u00e1tica do evento, e contar\u00e3o com integrantes de renome na \u00e1rea do Ensino de Qu\u00edmica, de Ensino de Ci\u00eancias e de Qu\u00edmica \u00a0 Temas em Debate Os Temas em Debate ser\u00e3o momentos de discuss\u00e3o\u00a0propostos pela comunidade, por meio do sistema de submiss\u00e3o. A Comiss\u00e3o Cient\u00edfica analisar\u00e1 as propostas e, al\u00e9m da sua qualidade acad\u00eamica, buscar\u00e1 os elementos de distribui\u00e7\u00e3o territorial, de g\u00eanero, de ra\u00e7a e de experi\u00eancia. Propostas que contemplem o m\u00e1ximo poss\u00edvel tais ideias ter\u00e3o prefer\u00eancia sobre as que n\u00e3o contemplarem. Por conta do tempo-espa\u00e7o ex\u00edguo do evento, ser\u00e3o selecionados 5 (cinco) Temas em Debate.\u00a0 Mesas Redondas Para as Mesas Redondas foram convidadas pessoas de relev\u00e2ncia e qualifica\u00e7\u00e3o em nossa \u00e1rea para tratar de temas afetos ao evento. Tanto os temas quanto as pessoas emergiram de uma analise da Comiss\u00e3o Organizadora \u00e0 enquete encaminhada pela SBEnQ no segundo semestre de 2025.\u00a0 \u00a0 Rodas Vivas Atividades tradicionais de serem realizadas na UFPel quando organizadora dos EDEQ, as Rodas Vivas convidam pessoas de renome em nossa \u00e1rea para ficarem ao centro de uma Roda de conversas. Mediada por uma pessoa designada pela Organiza\u00e7\u00e3o, quem fica ao centro da Roda responde \u00e0s interpela\u00e7\u00f5es da assist\u00eancia, tanto a respeito de elementos estritamente acad\u00eamicos quanto da trajet\u00f3ria. Neste ano, ser\u00e3o realizadas 2 (duas) Rodas Vivas, imperd\u00edveis! Lan\u00e7amento de Livros O ENEQ disponibilizar\u00e1 um espa\u00e7o para lan\u00e7amento de livros. Para saber como participar desse momento, siga as instru\u00e7\u00f5es na p\u00e1gina geral de submiss\u00f5es. Minicursos Os minicursos s\u00e3o propostas de compartilhamento de ideias pela comunidade. Tradicionais em nossos eventos, ser\u00e3o avaliadas as propostas pela comiss\u00e3o cient\u00edfica. Maiores detalhes est\u00e3o dispon\u00edveis na p\u00e1gina geral de submiss\u00f5es. Reuni\u00f5es de Sociedades e Grupos O ENEQ \u00e9 um espa\u00e7o plural e da comunidade. Com essa proposta, e atendendo a demandas da pr\u00f3pria comunidade, haver\u00e1 um espa\u00e7o na grade de programa\u00e7\u00e3o para que entidades parceiras e grupos em geral possam se reunir. Para solicitar um espa\u00e7o de participa\u00e7\u00e3o, acesse a p\u00e1gina geral de submiss\u00f5es Assembleia Geral da SBEnQ Como de praxe, e estatutariamente definido, no ENEQ ocorrer\u00e1 a Assembleia Geral da SBEnQ. Sua pauta e andamentos ser\u00e3o divulgados pela Diretoria da Sociedade nos seus meios oficiais. \u00a0 Apresenta\u00e7\u00f5es de P\u00f4steres Tradicionais nos ENEQ, a apresenta\u00e7\u00e3o de p\u00f4steres \u00e9 o espa\u00e7o para a divulga\u00e7\u00e3o simplificada de trabalhos em desenvolvimento. Sugere-se fortemente essa modalidade \u00e0quelas propostas que ainda estejam em processo de complexifica\u00e7\u00e3o. Maiores detalhes podem ser obtidos na p\u00e1gina geral de submiss\u00f5es. Apresenta\u00e7\u00f5es Orais Assim como os p\u00f4steres, as Apresenta\u00e7\u00f5es Orais tamb\u00e9m s\u00e3o tradicionais no ENEQ. Diferentemente de algumas edi\u00e7\u00f5es, nesta, que congrega EDEQ, PROFQUI-SUL e o primeiro Simp\u00f3sio Brasileiro de Ensino de Qu\u00edmica Verde e Sustent\u00e1vel (I SBEQVS), \u00e9 relevante ter aten\u00e7\u00e3o nas modalidades de submiss\u00e3o. A partir das linhas de pesquisa e tipo de trabalho enviado, a\u00a0avalia\u00e7\u00e3o\u00a0ser\u00e1 diferenciada. Sugere-se\u00a0fortemente que trabalhos de caracter\u00edstica descritiva ou sem elementos mais formais de an\u00e1lise (caracter\u00edsticos do EDEQ e do PROFQUI-SUL) sejam submetidos como\u00a0Relatos de Experi\u00eancia. Por outro lado, trabalhos com um desenho metodol\u00f3gico e anal\u00edtico mais robusto (caracter\u00edsticos dos ENEQ), sugere-se a submiss\u00e3o no formato Relato de Pesquisa. Como nos demais casos, maiores informa\u00e7\u00f5es est\u00e3o dispon\u00edveis na p\u00e1gina geral de submiss\u00f5es. Mostra de Materiais Did\u00e1ticos Como j\u00e1 assumido pelos ENEQ, a Mostra de Materiais Did\u00e1ticos \u00e9 um espa\u00e7o relevante de compartilhamento de propostas did\u00e1ticas. Com sua submiss\u00e3o via plataforma, no XXIII ENEQ teremos um espa\u00e7o espec\u00edfico para sua divulga\u00e7\u00e3o. Como nos demais casos, maiores informa\u00e7\u00f5es est\u00e3o dispon\u00edveis na p\u00e1gina geral de submiss\u00f5es.<\/p>\n","protected":false},"author":13,"featured_media":0,"parent":0,"menu_order":0,"comment_status":"closed","ping_status":"closed","template":"","meta":{"footnotes":""},"class_list":["post-110","page","type-page","status-publish","hentry"],"_links":{"self":[{"href":"https:\/\/portal.sbenq.org.br\/eneq\/wp-json\/wp\/v2\/pages\/110","targetHints":{"allow":["GET"]}}],"collection":[{"href":"https:\/\/portal.sbenq.org.br\/eneq\/wp-json\/wp\/v2\/pages"}],"about":[{"href":"https:\/\/portal.sbenq.org.br\/eneq\/wp-json\/wp\/v2\/types\/page"}],"author":[{"embeddable":true,"href":"https:\/\/portal.sbenq.org.br\/eneq\/wp-json\/wp\/v2\/users\/13"}],"replies":[{"embeddable":true,"href":"https:\/\/portal.sbenq.org.br\/eneq\/wp-json\/wp\/v2\/comments?post=110"}],"version-history":[{"count":85,"href":"https:\/\/portal.sbenq.org.br\/eneq\/wp-json\/wp\/v2\/pages\/110\/revisions"}],"predecessor-version":[{"id":974,"href":"https:\/\/portal.sbenq.org.br\/eneq\/wp-json\/wp\/v2\/pages\/110\/revisions\/974"}],"wp:attachment":[{"href":"https:\/\/portal.sbenq.org.br\/eneq\/wp-json\/wp\/v2\/media?parent=110"}],"curies":[{"name":"wp","href":"https:\/\/api.w.org\/{rel}","templated":true}]}}