{"id":115,"date":"2025-11-10T16:29:04","date_gmt":"2025-11-10T19:29:04","guid":{"rendered":"https:\/\/portal.sbenq.org.br\/eneq\/?page_id=115"},"modified":"2026-02-27T12:23:35","modified_gmt":"2026-02-27T15:23:35","slug":"eventos-associados","status":"publish","type":"page","link":"https:\/\/portal.sbenq.org.br\/eneq\/sobre-o-eneq\/eventos-associados\/","title":{"rendered":"Eventos associados"},"content":{"rendered":"\t\t<div data-elementor-type=\"wp-page\" data-elementor-id=\"115\" class=\"elementor elementor-115\" data-elementor-settings=\"{&quot;ha_cmc_init_switcher&quot;:&quot;no&quot;}\" data-elementor-post-type=\"page\">\n\t\t\t\t<div class=\"elementor-element elementor-element-643cdb6 e-flex e-con-boxed wpr-particle-no wpr-jarallax-no wpr-parallax-no wpr-sticky-section-no e-con e-parent\" data-id=\"643cdb6\" data-element_type=\"container\" data-settings=\"{&quot;_ha_eqh_enable&quot;:false}\">\n\t\t\t\t\t<div class=\"e-con-inner\">\n\t\t\t\t<div class=\"elementor-element elementor-element-6daa441 elementor-widget elementor-widget-text-editor\" data-id=\"6daa441\" data-element_type=\"widget\" data-widget_type=\"text-editor.default\">\n\t\t\t\t\t\t\t\t\t<h4>Encontro de Debates sobre Ensino de Qu\u00edmica<\/h4><p>O EDEQ \u00e9 o evento pioneiro na \u00e1rea da Educa\u00e7\u00e3o em Ci\u00eancias no Brasil. Sendo o mais longevo, ocorre anualmente desde 1980, de modo itinerante no estado do Rio Grande do Sul, e se constitui como espa\u00e7o de import\u00e2ncia hist\u00f3rica ao desenvolvimento de intera\u00e7\u00f5es centradas no Ensino de Qu\u00edmica, especialmente junto a docentes da Educa\u00e7\u00e3o B\u00e1sica e estudantes de Licenciatura.<\/p><h4>Encontro dos Mestrados Profissionais em Qu\u00edmica da Regi\u00e3o Sul<\/h4><p>O PROFQUI-SUL busca articular as a\u00e7\u00f5es de forma\u00e7\u00e3o em p\u00f3s-gradua\u00e7\u00e3o de docentes atuantes na Escola B\u00e1sica e que realizam sua forma\u00e7\u00e3o continuada no campo do Ensino de Qu\u00edmica nos mestrados profissionais da regi\u00e3o sul. Iniciado desde 2020, seu encontro mobiliza docentes que v\u00eam desenvolvendo e produzindo materiais did\u00e1ticos<\/p><h4>Mostra de Materiais Did\u00e1ticos de Qu\u00edmica<\/h4><p>A primeira edi\u00e7\u00e3o da MOMADIQ ocorreu em 2008, no XIV ENEQ, organizado pela Universidade Federal do Paran\u00e1 -UFPR. A MOMADIQ \u00e9 um espa\u00e7o em que professoras\/es da Educa\u00e7\u00e3o B\u00e1sica, pesquisadoras\/es da \u00e1rea de ensino de Qu\u00edmica\/Ci\u00eancias, licenciandos\/as e p\u00f3s\u02d7 graduandas \/os podem apresentar novos materiais produzidos em seus contextos de atua\u00e7\u00e3o.<\/p><h4>Simp\u00f3sio Brasileiro de Ensino de Qu\u00edmica Verde e Sustent\u00e1vel<\/h4><p>O Simp\u00f3sio Brasileiro de Ensino de Qu\u00edmica Verde e Sustent\u00e1vel (QVS) objetiva discutir quest\u00f5es relacionadas ao ensino da QVS, no contexto de mudan\u00e7as clim\u00e1ticas. Al\u00e9m disso, deseja-se contribuir ao desenvolvimento do curr\u00edculo e aspectos did\u00e1ticos-metodol\u00f3gicos ao ensino da Qu\u00edmica; discutir a forma\u00e7\u00e3o de professores de Qu\u00edmica, a partir dos desafios da QVS e da crise clim\u00e1tica, al\u00e9m de organizar a rede de pesquisadores em ensino da QVS no Brasil.<\/p>\t\t\t\t\t\t\t\t<\/div>\n\t\t\t\t\t<\/div>\n\t\t\t\t<\/div>\n\t\t\t\t<\/div>\n\t\t","protected":false},"excerpt":{"rendered":"<p>Encontro de Debates sobre Ensino de Qu\u00edmica O EDEQ \u00e9 o evento pioneiro na \u00e1rea da Educa\u00e7\u00e3o em Ci\u00eancias no Brasil. Sendo o mais longevo, ocorre anualmente desde 1980, de modo itinerante no estado do Rio Grande do Sul, e se constitui como espa\u00e7o de import\u00e2ncia hist\u00f3rica ao desenvolvimento de intera\u00e7\u00f5es centradas no Ensino de Qu\u00edmica, especialmente junto a docentes da Educa\u00e7\u00e3o B\u00e1sica e estudantes de Licenciatura. Encontro dos Mestrados Profissionais em Qu\u00edmica da Regi\u00e3o Sul O PROFQUI-SUL busca articular as a\u00e7\u00f5es de forma\u00e7\u00e3o em p\u00f3s-gradua\u00e7\u00e3o de docentes atuantes na Escola B\u00e1sica e que realizam sua forma\u00e7\u00e3o continuada no campo do Ensino de Qu\u00edmica nos mestrados profissionais da regi\u00e3o sul. Iniciado desde 2020, seu encontro mobiliza docentes que v\u00eam desenvolvendo e produzindo materiais did\u00e1ticos Mostra de Materiais Did\u00e1ticos de Qu\u00edmica A primeira edi\u00e7\u00e3o da MOMADIQ ocorreu em 2008, no XIV ENEQ, organizado pela Universidade Federal do Paran\u00e1 -UFPR. A MOMADIQ \u00e9 um espa\u00e7o em que professoras\/es da Educa\u00e7\u00e3o B\u00e1sica, pesquisadoras\/es da \u00e1rea de ensino de Qu\u00edmica\/Ci\u00eancias, licenciandos\/as e p\u00f3s\u02d7 graduandas \/os podem apresentar novos materiais produzidos em seus contextos de atua\u00e7\u00e3o. Simp\u00f3sio Brasileiro de Ensino de Qu\u00edmica Verde e Sustent\u00e1vel O Simp\u00f3sio Brasileiro de Ensino de Qu\u00edmica Verde e Sustent\u00e1vel (QVS) objetiva discutir quest\u00f5es relacionadas ao ensino da QVS, no contexto de mudan\u00e7as clim\u00e1ticas. Al\u00e9m disso, deseja-se contribuir ao desenvolvimento do curr\u00edculo e aspectos did\u00e1ticos-metodol\u00f3gicos ao ensino da Qu\u00edmica; discutir a forma\u00e7\u00e3o de professores de Qu\u00edmica, a partir dos desafios da QVS e da crise clim\u00e1tica, al\u00e9m de organizar a rede de pesquisadores em ensino da QVS no Brasil.<\/p>\n","protected":false},"author":13,"featured_media":0,"parent":113,"menu_order":0,"comment_status":"closed","ping_status":"closed","template":"","meta":{"footnotes":""},"class_list":["post-115","page","type-page","status-publish","hentry"],"_links":{"self":[{"href":"https:\/\/portal.sbenq.org.br\/eneq\/wp-json\/wp\/v2\/pages\/115","targetHints":{"allow":["GET"]}}],"collection":[{"href":"https:\/\/portal.sbenq.org.br\/eneq\/wp-json\/wp\/v2\/pages"}],"about":[{"href":"https:\/\/portal.sbenq.org.br\/eneq\/wp-json\/wp\/v2\/types\/page"}],"author":[{"embeddable":true,"href":"https:\/\/portal.sbenq.org.br\/eneq\/wp-json\/wp\/v2\/users\/13"}],"replies":[{"embeddable":true,"href":"https:\/\/portal.sbenq.org.br\/eneq\/wp-json\/wp\/v2\/comments?post=115"}],"version-history":[{"count":19,"href":"https:\/\/portal.sbenq.org.br\/eneq\/wp-json\/wp\/v2\/pages\/115\/revisions"}],"predecessor-version":[{"id":987,"href":"https:\/\/portal.sbenq.org.br\/eneq\/wp-json\/wp\/v2\/pages\/115\/revisions\/987"}],"up":[{"embeddable":true,"href":"https:\/\/portal.sbenq.org.br\/eneq\/wp-json\/wp\/v2\/pages\/113"}],"wp:attachment":[{"href":"https:\/\/portal.sbenq.org.br\/eneq\/wp-json\/wp\/v2\/media?parent=115"}],"curies":[{"name":"wp","href":"https:\/\/api.w.org\/{rel}","templated":true}]}}