{"id":120,"date":"2025-11-10T16:30:09","date_gmt":"2025-11-10T19:30:09","guid":{"rendered":"https:\/\/portal.sbenq.org.br\/eneq\/?page_id=120"},"modified":"2026-03-02T12:28:35","modified_gmt":"2026-03-02T15:28:35","slug":"comissao-cientifica","status":"publish","type":"page","link":"https:\/\/portal.sbenq.org.br\/eneq\/sobre-o-eneq\/comissao-cientifica\/","title":{"rendered":"Comiss\u00e3o cient\u00edfica"},"content":{"rendered":"\t\t<div data-elementor-type=\"wp-page\" data-elementor-id=\"120\" class=\"elementor elementor-120\" data-elementor-settings=\"{&quot;ha_cmc_init_switcher&quot;:&quot;no&quot;}\" data-elementor-post-type=\"page\">\n\t\t\t\t<div class=\"elementor-element elementor-element-963e5e4 e-flex e-con-boxed wpr-particle-no wpr-jarallax-no wpr-parallax-no wpr-sticky-section-no e-con e-parent\" data-id=\"963e5e4\" data-element_type=\"container\" data-settings=\"{&quot;_ha_eqh_enable&quot;:false}\">\n\t\t\t\t\t<div class=\"e-con-inner\">\n\t\t\t\t<div class=\"elementor-element elementor-element-a7f347c elementor-widget elementor-widget-text-editor\" data-id=\"a7f347c\" data-element_type=\"widget\" data-widget_type=\"text-editor.default\">\n\t\t\t\t\t\t\t\t\t<p>Ademar Antonio Lauxen<br \/>Arcelino Bezerra da Silva Neto<br \/>Aroldo Nascimento Silva<br \/>Bruna Adriane Fary-Hidai<br \/>Bruna Herculano da Silva Bezerra<br \/>Camila Greff Passos<br \/>Camila Silveira da Silva<br \/>Carlos Alberto Marques<br \/>Carlos Neco Da Silva J\u00fanior<br \/>Carlos Fonseca Ventura<br \/>Charlene Barbosa de Paula<br \/>Cinthia Maria Felicio<br \/>Cristiano De Almeida Cardoso Marcelino Jr.<br \/>Daiane Beatriz Santana dos Santos<br \/>Daniele Correia<br \/>Dayton Fernando Padim<br \/>D\u00e9bora Piai Cedran<br \/>Denise Leal de Castro<br \/>Edimarcio Francisco da Rocha<br \/>Edineia Tavares Lopes<br \/>Ednalva Dantas Rodrigues da Silva Duarte<br \/>Edson Jos\u00e9 Wartha<br \/>Eduardo Fleury Mortimer<br \/>Eduardo Luiz Dias Cavalcanti<br \/>Elaine Angelina Colagrande<br \/>Elaine Da Silva Ramos<br \/>Elane Chaveiro Soares<br \/>Eliemerson de Souza Sales<br \/>Elisa Prestes Massena<br \/>Erik Ceschini Panighel Benedicto<br \/>Ernani Viana de Souza Junior<br \/>Ettore Paredes Antunes<br \/>Eveline Borges Vilela Ribeiro<br \/>Evelyn Jeniffer de Lima Toledo<br \/>F\u00e1bio Andr\u00e9 Sangiogo<br \/>Fabio Luiz de Souza<br \/>F\u00e1bio Peres Gon\u00e7alves<br \/>Felipe Augusto de Mello Rezende<br \/>Fernanda Lu\u00edza de Faria<br \/>Fernanda Monteiro Rigue<br \/>Fernando Rocha da Costa<br \/>Fl\u00e1via Caroline Bedin Feitosa<br \/>Fl\u00e1via Cristiane Vieira da Silva<br \/>Fl\u00e1via Cristina Gomes Catunda De Vasconcelos<br \/>Franciellen Rodrigues da Silva Costa<br \/>Francisco Souto de Sousa J\u00fanior<br \/>Gabriela Agostini<br \/>Gahelyka Aghta Pantano Souza<br \/>Gilmar Pereira de Souza<br \/>Glaucia Robeiro Gonzaga<br \/>Gustavo Bizarria Gibin<br \/>Ingrid Nunes Derossi<br \/>Irene Cristina de Mello<br \/>Isadora Melo Gonzalez<br \/>Ismarcia Gon\u00e7alves Silva<br \/>Ivanise Maria Rizzatti<br \/>Jackson Gois da Silva<br \/>Janessa Aline Zappe<br \/>Jaqueline Ritter<br \/>Joanez Aparecida Aires<br \/>Jo\u00e3o Paulo Stadler<br \/>Jomara Mendes Fernandes<br \/>Jorge Cardoso Messeder<br \/>Jos\u00e9 Euzebio Sim\u00f5es Neto<br \/>Jos\u00e9 Pinheiro Da Costa J\u00fanior<br \/>Juliana Barretto de Toledo<br \/>Jussara Turin<br \/>Karla Am\u00e2ncio Pinto Field\u00b4s<br \/>Leiliane Alves da Silva<br \/>Leonardo Alc\u00e2ntara Alves<br \/>Leonardo Figueiredo Soares<br \/>Leonardo Maciel Moreira<br \/>Leticia Dos Santos Pereira<br \/>Lidiane de Lemos Soares Pereira<br \/>Lilian Patricia Lima<br \/>Luciana Caixeta Barboza<br \/>Luciana Rodrigues Leite De Souza<br \/>Luciane Jatob\u00e1 Palmieri<br \/>Luiz Alberto da Silva Junior<br \/>Manuel Bandeira dos Santos Neto<br \/>Manuel Bruno Caetano Sanguineto<br \/>Mara Aparecida Alves da Silva<br \/>Marcel Thiago Damasceno Ribeiro<br \/>Marcelo Lambach<br \/>Marcelo Oliveira Santiago<br \/>Marcelo Pimentel da Silveira<br \/>Marcia Borin Da Cunha<br \/>M\u00e1rcia Gorette Lima da Silva<br \/>M\u00e1rcia von Fr\u00fchauf Firme<br \/>M\u00e1rcia von Fr\u00fchauf Firme<br \/>Marcos Antonio Pinto Ribeiro<br \/>Marcos Mendon\u00e7a Lemos<br \/>Marcus Eduardo Maciel Ribeiro<br \/>Mari Inez Tavares<br \/>Maria Bernadete de Melo Cunha<br \/>Maria do Carmo Galiazzi<br \/>Mar\u00edlia dos Santos Marinho<br \/>Marina Rodrigues Martins<br \/>M\u00e1rlon Herbert Flora Barbosa Soares<br \/>Matheus de Sousa Sato<br \/>Maiko Sousa Feitosa<br \/>Marcelo Giordan<br \/>Maur\u00edcio Fa\u00e7anha<br \/>Mayara Gabriella Oliveira de Almeida<br \/>Nicole Glock Maceno<br \/>Nilma Soares da Silva<br \/>Nyuara Ara\u00fajo da Silva Mesquita<br \/>Paloma Nascimento dos Santos<br \/>Patricia Flavia da Silva Dias Moreira<br \/>Paulo Ricardo da Silva<br \/>Paulo Sergio Calefi<br \/>Paulo Vitor Teodoro<br \/>Pedro Neves da Rocha<br \/>Rafael Salgado<br \/>Regina C\u00e9lia Barbosa De Oliveira<br \/>Roberto Pereira Santos<br \/>Rodrigo Garcia da Silva<br \/>Tania Denise Miskinis Salgado<br \/>Tatiana Santos Andrade<br \/>Thais Andressa Lopes de Oliveira<br \/>Ver\u00f4nica Tavares Santos Batinga<br \/>Victor Augusto Bianchetti Rodrigues<br \/>Victor Gomes Lima Ferraz<br \/>Vin\u00edcius Cat\u00e3o de Assis Souza<br \/>Vinicius da Silva Carvalho<br \/>Vit\u00f3ria Schiavon da Silva<br \/>Vivian dos Santos Calixto<br \/>Viviane de Almeida Lima<br \/>Wallace Alves Cabral<br \/>Wanderson Diogo Andrade da Silva<br \/>Wilton Rabelo Pessoa<\/p>\t\t\t\t\t\t\t\t<\/div>\n\t\t\t\t\t<\/div>\n\t\t\t\t<\/div>\n\t\t\t\t<\/div>\n\t\t","protected":false},"excerpt":{"rendered":"<p>Ademar Antonio LauxenArcelino Bezerra da Silva NetoAroldo Nascimento SilvaBruna Adriane Fary-HidaiBruna Herculano da Silva BezerraCamila Greff PassosCamila Silveira da SilvaCarlos Alberto MarquesCarlos Neco Da Silva J\u00faniorCarlos Fonseca VenturaCharlene Barbosa de PaulaCinthia Maria FelicioCristiano De Almeida Cardoso Marcelino Jr.Daiane Beatriz Santana dos SantosDaniele CorreiaDayton Fernando PadimD\u00e9bora Piai CedranDenise Leal de CastroEdimarcio Francisco da RochaEdineia Tavares LopesEdnalva Dantas Rodrigues da Silva DuarteEdson Jos\u00e9 WarthaEduardo Fleury MortimerEduardo Luiz Dias CavalcantiElaine Angelina ColagrandeElaine Da Silva RamosElane Chaveiro SoaresEliemerson de Souza SalesElisa Prestes MassenaErik Ceschini Panighel BenedictoErnani Viana de Souza JuniorEttore Paredes AntunesEveline Borges Vilela RibeiroEvelyn Jeniffer de Lima ToledoF\u00e1bio Andr\u00e9 SangiogoFabio Luiz de SouzaF\u00e1bio Peres Gon\u00e7alvesFelipe Augusto de Mello RezendeFernanda Lu\u00edza de FariaFernanda Monteiro RigueFernando Rocha da CostaFl\u00e1via Caroline Bedin FeitosaFl\u00e1via Cristiane Vieira da SilvaFl\u00e1via Cristina Gomes Catunda De VasconcelosFranciellen Rodrigues da Silva CostaFrancisco Souto de Sousa J\u00faniorGabriela AgostiniGahelyka Aghta Pantano SouzaGilmar Pereira de SouzaGlaucia Robeiro GonzagaGustavo Bizarria GibinIngrid Nunes DerossiIrene Cristina de MelloIsadora Melo GonzalezIsmarcia Gon\u00e7alves SilvaIvanise Maria RizzattiJackson Gois da SilvaJanessa Aline ZappeJaqueline RitterJoanez Aparecida AiresJo\u00e3o Paulo StadlerJomara Mendes FernandesJorge Cardoso MessederJos\u00e9 Euzebio Sim\u00f5es NetoJos\u00e9 Pinheiro Da Costa J\u00faniorJuliana Barretto de ToledoJussara TurinKarla Am\u00e2ncio Pinto Field\u00b4sLeiliane Alves da SilvaLeonardo Alc\u00e2ntara AlvesLeonardo Figueiredo SoaresLeonardo Maciel MoreiraLeticia Dos Santos PereiraLidiane de Lemos Soares PereiraLilian Patricia LimaLuciana Caixeta BarbozaLuciana Rodrigues Leite De SouzaLuciane Jatob\u00e1 PalmieriLuiz Alberto da Silva JuniorManuel Bandeira dos Santos NetoManuel Bruno Caetano SanguinetoMara Aparecida Alves da SilvaMarcel Thiago Damasceno RibeiroMarcelo LambachMarcelo Oliveira SantiagoMarcelo Pimentel da SilveiraMarcia Borin Da CunhaM\u00e1rcia Gorette Lima da SilvaM\u00e1rcia von Fr\u00fchauf FirmeM\u00e1rcia von Fr\u00fchauf FirmeMarcos Antonio Pinto RibeiroMarcos Mendon\u00e7a LemosMarcus Eduardo Maciel RibeiroMari Inez TavaresMaria Bernadete de Melo CunhaMaria do Carmo GaliazziMar\u00edlia dos Santos MarinhoMarina Rodrigues MartinsM\u00e1rlon Herbert Flora Barbosa SoaresMatheus de Sousa SatoMaiko Sousa FeitosaMarcelo GiordanMaur\u00edcio Fa\u00e7anhaMayara Gabriella Oliveira de AlmeidaNicole Glock MacenoNilma Soares da SilvaNyuara Ara\u00fajo da Silva MesquitaPaloma Nascimento dos SantosPatricia Flavia da Silva Dias MoreiraPaulo Ricardo da SilvaPaulo Sergio CalefiPaulo Vitor TeodoroPedro Neves da RochaRafael SalgadoRegina C\u00e9lia Barbosa De OliveiraRoberto Pereira SantosRodrigo Garcia da SilvaTania Denise Miskinis SalgadoTatiana Santos AndradeThais Andressa Lopes de OliveiraVer\u00f4nica Tavares Santos BatingaVictor Augusto Bianchetti RodriguesVictor Gomes Lima FerrazVin\u00edcius Cat\u00e3o de Assis SouzaVinicius da Silva CarvalhoVit\u00f3ria Schiavon da SilvaVivian dos Santos CalixtoViviane de Almeida LimaWallace Alves CabralWanderson Diogo Andrade da SilvaWilton Rabelo Pessoa<\/p>\n","protected":false},"author":13,"featured_media":0,"parent":113,"menu_order":0,"comment_status":"closed","ping_status":"closed","template":"","meta":{"footnotes":""},"class_list":["post-120","page","type-page","status-publish","hentry"],"_links":{"self":[{"href":"https:\/\/portal.sbenq.org.br\/eneq\/wp-json\/wp\/v2\/pages\/120","targetHints":{"allow":["GET"]}}],"collection":[{"href":"https:\/\/portal.sbenq.org.br\/eneq\/wp-json\/wp\/v2\/pages"}],"about":[{"href":"https:\/\/portal.sbenq.org.br\/eneq\/wp-json\/wp\/v2\/types\/page"}],"author":[{"embeddable":true,"href":"https:\/\/portal.sbenq.org.br\/eneq\/wp-json\/wp\/v2\/users\/13"}],"replies":[{"embeddable":true,"href":"https:\/\/portal.sbenq.org.br\/eneq\/wp-json\/wp\/v2\/comments?post=120"}],"version-history":[{"count":7,"href":"https:\/\/portal.sbenq.org.br\/eneq\/wp-json\/wp\/v2\/pages\/120\/revisions"}],"predecessor-version":[{"id":1084,"href":"https:\/\/portal.sbenq.org.br\/eneq\/wp-json\/wp\/v2\/pages\/120\/revisions\/1084"}],"up":[{"embeddable":true,"href":"https:\/\/portal.sbenq.org.br\/eneq\/wp-json\/wp\/v2\/pages\/113"}],"wp:attachment":[{"href":"https:\/\/portal.sbenq.org.br\/eneq\/wp-json\/wp\/v2\/media?parent=120"}],"curies":[{"name":"wp","href":"https:\/\/api.w.org\/{rel}","templated":true}]}}