{"id":122,"date":"2025-11-10T16:30:42","date_gmt":"2025-11-10T19:30:42","guid":{"rendered":"https:\/\/portal.sbenq.org.br\/eneq\/?page_id=122"},"modified":"2026-03-02T12:50:58","modified_gmt":"2026-03-02T15:50:58","slug":"patrocinios-e-apoios","status":"publish","type":"page","link":"https:\/\/portal.sbenq.org.br\/eneq\/sobre-o-eneq\/patrocinios-e-apoios\/","title":{"rendered":"Patroc\u00ednios e apoios"},"content":{"rendered":"\t\t<div data-elementor-type=\"wp-page\" data-elementor-id=\"122\" class=\"elementor elementor-122\" data-elementor-settings=\"{&quot;ha_cmc_init_switcher&quot;:&quot;no&quot;}\" data-elementor-post-type=\"page\">\n\t\t\t\t<div class=\"elementor-element elementor-element-1e7bf45 e-flex e-con-boxed wpr-particle-no wpr-jarallax-no wpr-parallax-no wpr-sticky-section-no e-con e-parent\" data-id=\"1e7bf45\" data-element_type=\"container\" data-settings=\"{&quot;_ha_eqh_enable&quot;:false}\">\n\t\t\t\t\t<div class=\"e-con-inner\">\n\t\t\t\t<div class=\"elementor-element elementor-element-918ca84 elementor-widget elementor-widget-text-editor\" data-id=\"918ca84\" data-element_type=\"widget\" data-widget_type=\"text-editor.default\">\n\t\t\t\t\t\t\t\t\t<p>O ENEQ e seus evento associados, por acreditar na ampla participa\u00e7\u00e3o da comunidade, busca sempre ter custos baixos a participantes. Desse modo, por sua infraestrutura e modo de ocorr\u00eancia, necessita de apoios e patroc\u00ednios fundamentais para sua realiza\u00e7\u00e3o.<\/p><p>\u00a0<\/p><p>Abaixo est\u00e3o os \u00f3rg\u00e3os e empresas que apoiam esse maravilhoso evento, organizado pela SBEnQ.<\/p><p>\u00a0<\/p>\t\t\t\t\t\t\t\t<\/div>\n\t\t\t\t\t<\/div>\n\t\t\t\t<\/div>\n\t\t<div class=\"elementor-element elementor-element-75827f9 e-flex e-con-boxed wpr-particle-no wpr-jarallax-no wpr-parallax-no wpr-sticky-section-no e-con e-parent\" data-id=\"75827f9\" data-element_type=\"container\" data-settings=\"{&quot;_ha_eqh_enable&quot;:false}\">\n\t\t\t\t\t<div class=\"e-con-inner\">\n\t\t\t\t<div class=\"elementor-element elementor-element-dbe8368 elementor-widget elementor-widget-image\" data-id=\"dbe8368\" data-element_type=\"widget\" data-widget_type=\"image.default\">\n\t\t\t\t\t\t\t\t\t\t\t\t\t\t\t<img decoding=\"async\" width=\"180\" height=\"163\" src=\"https:\/\/portal.sbenq.org.br\/eneq\/wp-content\/uploads\/sites\/3\/2026\/03\/logo-original-fundo-claro-png.png\" class=\"attachment-large size-large wp-image-1107\" alt=\"\" \/>\t\t\t\t\t\t\t\t\t\t\t\t\t\t\t<\/div>\n\t\t\t\t<div class=\"elementor-element elementor-element-0ae0242 elementor-widget elementor-widget-text-editor\" data-id=\"0ae0242\" data-element_type=\"widget\" data-widget_type=\"text-editor.default\">\n\t\t\t\t\t\t\t\t\t<p><span style=\"text-decoration: underline\"><strong>CAPES:<\/strong> <\/span>Edital PAEP-EB<\/p>\t\t\t\t\t\t\t\t<\/div>\n\t\t\t\t\t<\/div>\n\t\t\t\t<\/div>\n\t\t\t\t<\/div>\n\t\t","protected":false},"excerpt":{"rendered":"<p>O ENEQ e seus evento associados, por acreditar na ampla participa\u00e7\u00e3o da comunidade, busca sempre ter custos baixos a participantes. Desse modo, por sua infraestrutura e modo de ocorr\u00eancia, necessita de apoios e patroc\u00ednios fundamentais para sua realiza\u00e7\u00e3o. \u00a0 Abaixo est\u00e3o os \u00f3rg\u00e3os e empresas que apoiam esse maravilhoso evento, organizado pela SBEnQ. \u00a0 CAPES: Edital PAEP-EB<\/p>\n","protected":false},"author":13,"featured_media":0,"parent":113,"menu_order":0,"comment_status":"closed","ping_status":"closed","template":"","meta":{"footnotes":""},"class_list":["post-122","page","type-page","status-publish","hentry"],"_links":{"self":[{"href":"https:\/\/portal.sbenq.org.br\/eneq\/wp-json\/wp\/v2\/pages\/122","targetHints":{"allow":["GET"]}}],"collection":[{"href":"https:\/\/portal.sbenq.org.br\/eneq\/wp-json\/wp\/v2\/pages"}],"about":[{"href":"https:\/\/portal.sbenq.org.br\/eneq\/wp-json\/wp\/v2\/types\/page"}],"author":[{"embeddable":true,"href":"https:\/\/portal.sbenq.org.br\/eneq\/wp-json\/wp\/v2\/users\/13"}],"replies":[{"embeddable":true,"href":"https:\/\/portal.sbenq.org.br\/eneq\/wp-json\/wp\/v2\/comments?post=122"}],"version-history":[{"count":4,"href":"https:\/\/portal.sbenq.org.br\/eneq\/wp-json\/wp\/v2\/pages\/122\/revisions"}],"predecessor-version":[{"id":1110,"href":"https:\/\/portal.sbenq.org.br\/eneq\/wp-json\/wp\/v2\/pages\/122\/revisions\/1110"}],"up":[{"embeddable":true,"href":"https:\/\/portal.sbenq.org.br\/eneq\/wp-json\/wp\/v2\/pages\/113"}],"wp:attachment":[{"href":"https:\/\/portal.sbenq.org.br\/eneq\/wp-json\/wp\/v2\/media?parent=122"}],"curies":[{"name":"wp","href":"https:\/\/api.w.org\/{rel}","templated":true}]}}