{"id":129,"date":"2025-11-10T16:32:45","date_gmt":"2025-11-10T19:32:45","guid":{"rendered":"https:\/\/portal.sbenq.org.br\/eneq\/?page_id=129"},"modified":"2026-03-05T14:11:06","modified_gmt":"2026-03-05T17:11:06","slug":"como-chegar-em-pelotas","status":"publish","type":"page","link":"https:\/\/portal.sbenq.org.br\/eneq\/como-chegar-no-eneq\/como-chegar-em-pelotas\/","title":{"rendered":"Como chegar em Pelotas?"},"content":{"rendered":"\t\t<div data-elementor-type=\"wp-page\" data-elementor-id=\"129\" class=\"elementor elementor-129\" data-elementor-settings=\"{&quot;ha_cmc_init_switcher&quot;:&quot;no&quot;}\" data-elementor-post-type=\"page\">\n\t\t\t\t<div class=\"elementor-element elementor-element-c2b8553 e-flex e-con-boxed wpr-particle-no wpr-jarallax-no wpr-parallax-no wpr-sticky-section-no e-con e-parent\" data-id=\"c2b8553\" data-element_type=\"container\" data-settings=\"{&quot;_ha_eqh_enable&quot;:false}\">\n\t\t\t\t\t<div class=\"e-con-inner\">\n\t\t\t\t<div class=\"elementor-element elementor-element-d64753a elementor-widget elementor-widget-text-editor\" data-id=\"d64753a\" data-element_type=\"widget\" data-widget_type=\"text-editor.default\">\n\t\t\t\t\t\t\t\t\t<p><strong>XXIII\u00a0Encontro Nacional de Ensino de Qu\u00edmica<\/strong><\/p><p>Pelotas \u00e9 uma cidade no sul do Rio Grande do Sul que combina charme hist\u00f3rico, tradi\u00e7\u00e3o cultural e uma das gastronomias mais famosas do Brasil. Com um clima acolhedor e uma vida cultural vibrante, Pelotas \u00e9 um destino ideal para quem busca hist\u00f3ria, sabores marcantes e a hospitalidade ga\u00facha em um s\u00f3 lugar. <strong>Veja o mapa da cidade:\u00a0<\/strong><\/p>\t\t\t\t\t\t\t\t<\/div>\n\t\t\t\t<div class=\"elementor-element elementor-element-9236667 elementor-widget elementor-widget-google_maps\" data-id=\"9236667\" data-element_type=\"widget\" data-widget_type=\"google_maps.default\">\n\t\t\t\t\t\t\t<div class=\"elementor-custom-embed\">\n\t\t\t<iframe loading=\"lazy\"\n\t\t\t\t\tsrc=\"https:\/\/maps.google.com\/maps?q=pelotas&#038;t=m&#038;z=10&#038;output=embed&#038;iwloc=near\"\n\t\t\t\t\ttitle=\"pelotas\"\n\t\t\t\t\taria-label=\"pelotas\"\n\t\t\t><\/iframe>\n\t\t<\/div>\n\t\t\t\t\t\t<\/div>\n\t\t\t\t\t<\/div>\n\t\t\t\t<\/div>\n\t\t<div class=\"elementor-element elementor-element-9f46269 e-flex e-con-boxed wpr-particle-no wpr-jarallax-no wpr-parallax-no wpr-sticky-section-no e-con e-parent\" data-id=\"9f46269\" data-element_type=\"container\" data-settings=\"{&quot;_ha_eqh_enable&quot;:false}\">\n\t\t\t\t\t<div class=\"e-con-inner\">\n\t\t\t\t<div class=\"elementor-element elementor-element-3fbc01c elementor-widget elementor-widget-heading\" data-id=\"3fbc01c\" data-element_type=\"widget\" data-widget_type=\"heading.default\">\n\t\t\t\t\t<h2 class=\"elementor-heading-title elementor-size-default\">Pelotas pode ser acessada por duas alternativas principais:<\/h2>\t\t\t\t<\/div>\n\t\t\t\t<div class=\"elementor-element elementor-element-7c7a29a elementor-widget elementor-widget-n-accordion\" data-id=\"7c7a29a\" data-element_type=\"widget\" data-settings=\"{&quot;default_state&quot;:&quot;all_collapsed&quot;,&quot;max_items_expended&quot;:&quot;multiple&quot;,&quot;n_accordion_animation_duration&quot;:{&quot;unit&quot;:&quot;ms&quot;,&quot;size&quot;:400,&quot;sizes&quot;:[]}}\" data-widget_type=\"nested-accordion.default\">\n\t\t\t\t\t\t\t<div class=\"e-n-accordion\" aria-label=\"Accordion. Open links with Enter or Space, close with Escape, and navigate with Arrow Keys\">\n\t\t\t\t\t\t<details id=\"e-n-accordion-item-1300\" class=\"e-n-accordion-item\" >\n\t\t\t\t<summary class=\"e-n-accordion-item-title\" data-accordion-index=\"1\" tabindex=\"0\" aria-expanded=\"false\" aria-controls=\"e-n-accordion-item-1300\" >\n\t\t\t\t\t<span class='e-n-accordion-item-title-header'><div class=\"e-n-accordion-item-title-text\"> Desembarcando no Aeroporto Internacional de Pelotas (PET) <\/div><\/span>\n\t\t\t\t\t\t\t<span class='e-n-accordion-item-title-icon'>\n\t\t\t<span class='e-opened' ><svg aria-hidden=\"true\" class=\"e-font-icon-svg e-fas-minus\" viewBox=\"0 0 448 512\" xmlns=\"http:\/\/www.w3.org\/2000\/svg\"><path d=\"M416 208H32c-17.67 0-32 14.33-32 32v32c0 17.67 14.33 32 32 32h384c17.67 0 32-14.33 32-32v-32c0-17.67-14.33-32-32-32z\"><\/path><\/svg><\/span>\n\t\t\t<span class='e-closed'><svg aria-hidden=\"true\" class=\"e-font-icon-svg e-fas-plus\" viewBox=\"0 0 448 512\" xmlns=\"http:\/\/www.w3.org\/2000\/svg\"><path d=\"M416 208H272V64c0-17.67-14.33-32-32-32h-32c-17.67 0-32 14.33-32 32v144H32c-17.67 0-32 14.33-32 32v32c0 17.67 14.33 32 32 32h144v144c0 17.67 14.33 32 32 32h32c17.67 0 32-14.33 32-32V304h144c17.67 0 32-14.33 32-32v-32c0-17.67-14.33-32-32-32z\"><\/path><\/svg><\/span>\n\t\t<\/span>\n\n\t\t\t\t\t\t<\/summary>\n\t\t\t\t<div role=\"region\" aria-labelledby=\"e-n-accordion-item-1300\" class=\"elementor-element elementor-element-9a72d48 e-con-full e-flex wpr-particle-no wpr-jarallax-no wpr-parallax-no wpr-sticky-section-no e-con e-child\" data-id=\"9a72d48\" data-element_type=\"container\" data-settings=\"{&quot;_ha_eqh_enable&quot;:false}\">\n\t\t\t\t<div class=\"elementor-element elementor-element-260e749 elementor-widget elementor-widget-text-editor\" data-id=\"260e749\" data-element_type=\"widget\" data-widget_type=\"text-editor.default\">\n\t\t\t\t\t\t\t\t\t<p>\ud83d\udccd <strong data-start=\"48\" data-end=\"64\">Localiza\u00e7\u00e3o do Aeroporto de Pelotas: <\/strong>Avenida Zeferino Costa, S\/N \u2013 Bairro Tr\u00eas Vendas \u2013 Pelotas\/RS<\/p><p>\ud83d\udccc Aproximadamente 7 km do centro da cidade,\u00a0\ud83d\udd52 Tempo estimado de deslocamento de 15 a 20 minutos<\/p><p>\ud83d\udeeb<strong> Destinos Nacionais:<\/strong> S\u00e3o Paulo (SP) e Campinas (SP)<\/p><p><strong data-start=\"1014\" data-end=\"1032\">\ud83d\udcf6\u00a0Wi-Fi gratuito<\/strong> para passageiros<\/p><p>\ud83d\udcde <strong>Atendimento ao Cliente:<\/strong> Central 24 horas \u2013 todos os dias da semana, Telefone: 0800 727 4720<\/p><ul data-start=\"345\" data-end=\"488\"><li data-start=\"428\" data-end=\"488\"><p data-start=\"430\" data-end=\"488\">Site oficial: www.https:\/\/aeroportos.motiva.com.br\/pelotas-rs\/<\/p><\/li><\/ul>\t\t\t\t\t\t\t\t<\/div>\n\t\t\t\t<div class=\"elementor-element elementor-element-5beb0ef elementor-widget elementor-widget-heading\" data-id=\"5beb0ef\" data-element_type=\"widget\" data-widget_type=\"heading.default\">\n\t\t\t\t\t<h2 class=\"elementor-heading-title elementor-size-default\">Aeroporto de Pelotas \u279c Centro de Pelotas<\/h2>\t\t\t\t<\/div>\n\t\t\t\t<div class=\"elementor-element elementor-element-8318cb0 elementor-widget elementor-widget-text-editor\" data-id=\"8318cb0\" data-element_type=\"widget\" data-widget_type=\"text-editor.default\">\n\t\t\t\t\t\t\t\t\t<p data-start=\"544\" data-end=\"612\"><strong data-start=\"544\" data-end=\"561\">Op\u00e7\u00e3o 1) T\u00e1xi ou Uber<\/strong><br data-start=\"561\" data-end=\"564\" \/>\ud83d\ude96 Dispon\u00edvel em frente ao terminal de passageiros.\u00a0<\/p><p data-start=\"668\" data-end=\"857\"><strong data-start=\"668\" data-end=\"687\">Op\u00e7\u00e3o 2) \u00d4nibus<\/strong><br data-start=\"687\" data-end=\"690\" \/>\ud83d\ude8c Linha n\u00ba 3561 \u2013 Get\u00falio Vargas (via Aeroporto) &#8211;\u00a0Parada localizada a aproximadamente 300 metros da entrada do aeroporto, com trajeto at\u00e9 o centro da cidade.<\/p><p data-start=\"859\" data-end=\"977\"><strong data-start=\"859\" data-end=\"889\">Op\u00e7\u00e3o 3) Aluguel de Carros<\/strong><br data-start=\"889\" data-end=\"892\" \/><img decoding=\"async\" class=\"emoji\" role=\"img\" src=\"https:\/\/s.w.org\/images\/core\/emoji\/17.0.2\/svg\/1f4cd.svg\" alt=\"\ud83d\udccd\" \/>Locadoras dispon\u00edveis no pr\u00f3prio aeroporto. Terminal de passageiros \u2013 Piso 1<\/p>\t\t\t\t\t\t\t\t<\/div>\n\t\t\t\t<\/div>\n\t\t\t\t\t<\/details>\n\t\t\t\t\t\t<details id=\"e-n-accordion-item-1301\" class=\"e-n-accordion-item\" >\n\t\t\t\t<summary class=\"e-n-accordion-item-title\" data-accordion-index=\"2\" tabindex=\"-1\" aria-expanded=\"false\" aria-controls=\"e-n-accordion-item-1301\" >\n\t\t\t\t\t<span class='e-n-accordion-item-title-header'><div class=\"e-n-accordion-item-title-text\"> Desembarcando no Aeroporto Internacional Salgado Filho (POA) <\/div><\/span>\n\t\t\t\t\t\t\t<span class='e-n-accordion-item-title-icon'>\n\t\t\t<span class='e-opened' ><svg aria-hidden=\"true\" class=\"e-font-icon-svg e-fas-minus\" viewBox=\"0 0 448 512\" xmlns=\"http:\/\/www.w3.org\/2000\/svg\"><path d=\"M416 208H32c-17.67 0-32 14.33-32 32v32c0 17.67 14.33 32 32 32h384c17.67 0 32-14.33 32-32v-32c0-17.67-14.33-32-32-32z\"><\/path><\/svg><\/span>\n\t\t\t<span class='e-closed'><svg aria-hidden=\"true\" class=\"e-font-icon-svg e-fas-plus\" viewBox=\"0 0 448 512\" xmlns=\"http:\/\/www.w3.org\/2000\/svg\"><path d=\"M416 208H272V64c0-17.67-14.33-32-32-32h-32c-17.67 0-32 14.33-32 32v144H32c-17.67 0-32 14.33-32 32v32c0 17.67 14.33 32 32 32h144v144c0 17.67 14.33 32 32 32h32c17.67 0 32-14.33 32-32V304h144c17.67 0 32-14.33 32-32v-32c0-17.67-14.33-32-32-32z\"><\/path><\/svg><\/span>\n\t\t<\/span>\n\n\t\t\t\t\t\t<\/summary>\n\t\t\t\t<div role=\"region\" aria-labelledby=\"e-n-accordion-item-1301\" class=\"elementor-element elementor-element-d2bcd3b e-con-full e-flex wpr-particle-no wpr-jarallax-no wpr-parallax-no wpr-sticky-section-no e-con e-child\" data-id=\"d2bcd3b\" data-element_type=\"container\" data-settings=\"{&quot;_ha_eqh_enable&quot;:false}\">\n\t\t\t\t<div class=\"elementor-element elementor-element-0793a0d elementor-widget elementor-widget-text-editor\" data-id=\"0793a0d\" data-element_type=\"widget\" data-widget_type=\"text-editor.default\">\n\t\t\t\t\t\t\t\t\t<p>\ud83d\udccd <strong data-start=\"48\" data-end=\"64\">Localiza\u00e7\u00e3o Aeroporto de Porto Alegre: <\/strong>Avenida Severo Dullius, 90.010 \u2013 Anchieta \u2013 Porto Alegre\/RS<\/p><p>\u2708\ufe0f <strong data-start=\"242\" data-end=\"293\">Maior oferta de voos nacionais e internacionais: <\/strong>Flexibilidade de hor\u00e1rios e conex\u00f5es<\/p><p>\ud83d\udeeb <strong data-start=\"359\" data-end=\"382\">Destinos nacionais e internacionais variados<\/strong><\/p><p><strong data-start=\"1014\" data-end=\"1032\">\ud83d\udcf6\u00a0Wi-Fi gratuito<\/strong> para passageiros<\/p><p>\ud83d\udcde <strong>Atendimento ao Cliente:<\/strong> Central 24 horas \u2013 todos os dias da semana, Telefone: (51) 3358-2000<\/p><ul data-start=\"345\" data-end=\"488\"><li data-start=\"428\" data-end=\"488\"><p data-start=\"430\" data-end=\"488\">Site oficial: www.portoalegre-airport.com.br<\/p><\/li><\/ul>\t\t\t\t\t\t\t\t<\/div>\n\t\t\t\t<div class=\"elementor-element elementor-element-0868078 elementor-widget elementor-widget-heading\" data-id=\"0868078\" data-element_type=\"widget\" data-widget_type=\"heading.default\">\n\t\t\t\t\t<h2 class=\"elementor-heading-title elementor-size-default\">Viagem em etapas:<\/h2>\t\t\t\t<\/div>\n\t\t\t\t<div class=\"elementor-element elementor-element-cb6162e elementor-widget elementor-widget-heading\" data-id=\"cb6162e\" data-element_type=\"widget\" data-widget_type=\"heading.default\">\n\t\t\t\t\t<h2 class=\"elementor-heading-title elementor-size-default\">Aeroporto de Porto Alegre \u279c Rodovi\u00e1ria de Porto Alegre<\/h2>\t\t\t\t<\/div>\n\t\t\t\t<div class=\"elementor-element elementor-element-4d2944c elementor-widget elementor-widget-text-editor\" data-id=\"4d2944c\" data-element_type=\"widget\" data-widget_type=\"text-editor.default\">\n\t\t\t\t\t\t\t\t\t<p data-start=\"544\" data-end=\"612\"><strong data-start=\"544\" data-end=\"561\">Op\u00e7\u00e3o 1) Aerom\u00f3vel + Trem (Trensurb)<\/strong><br data-start=\"687\" data-end=\"690\" \/>\ud83d\ude9d <span class=\"hover:entity-accent entity-underline inline cursor-pointer align-baseline\"><span class=\"whitespace-normal\">Aerom\u00f3vel <\/span><\/span>conecta gratuitamente o Terminal 1 \u00e0 esta\u00e7\u00e3o rodovi\u00e1ria Aeroporto<\/p><p data-start=\"884\" data-end=\"989\">\u27a1\ufe0f Em seguida, utilizar o trem da <span class=\"hover:entity-accent entity-underline inline cursor-pointer align-baseline\"><span class=\"whitespace-normal\">Trensurb<\/span><\/span> sentido Rodovi\u00e1ria\/Mercado<\/p><p data-start=\"884\" data-end=\"989\">\u23f1\ufe0f Dura\u00e7\u00e3o: 20 a 30 minutos<br data-start=\"1022\" data-end=\"1025\" \/>\ud83d\udcb2 Custo estimado: R$ 4,50<\/p><p data-start=\"668\" data-end=\"857\"><strong data-start=\"668\" data-end=\"687\">Op\u00e7\u00e3o 2) T\u00e1xi ou Uber<\/strong><br data-start=\"687\" data-end=\"690\" \/>\ud83d\ude96 Dispon\u00edvel em frente ao terminal de passageiros<\/p><p data-start=\"668\" data-end=\"857\">\u23f1\ufe0f Dura\u00e7\u00e3o: 10 a 15 minutos<br data-start=\"1022\" data-end=\"1025\" \/>\ud83d\udcb2 Custo estimado: R$ 45 a R$ 60\u00a0<\/p><p data-start=\"859\" data-end=\"977\"><strong data-start=\"859\" data-end=\"889\">Op\u00e7\u00e3o 3) \u00d4nibus<\/strong><br data-start=\"889\" data-end=\"892\" \/>Linhas como 7052 ou Airport Bus (executivo)<br data-start=\"1230\" data-end=\"1233\" \/>\ud83d\udcb2 Custo estimado: R$ 5 a R$ 8<\/p>\t\t\t\t\t\t\t\t<\/div>\n\t\t\t\t<div class=\"elementor-element elementor-element-0847e8e elementor-widget elementor-widget-text-editor\" data-id=\"0847e8e\" data-element_type=\"widget\" data-widget_type=\"text-editor.default\">\n\t\t\t\t\t\t\t\t\t<p><img decoding=\"async\" class=\"emoji\" role=\"img\" src=\"https:\/\/s.w.org\/images\/core\/emoji\/17.0.2\/svg\/1f4cd.svg\" alt=\"\ud83d\udccd\" \/> <strong data-start=\"48\" data-end=\"64\">Localiza\u00e7\u00e3o Rodovi\u00e1ria de Porto Alegre: <\/strong>Largo Vespasiano J\u00falio Veppo, 70, no Centro Hist\u00f3rico, Porto Alegre\/RS<\/p><p><strong data-start=\"1014\" data-end=\"1032\"><img decoding=\"async\" class=\"emoji\" role=\"img\" src=\"https:\/\/s.w.org\/images\/core\/emoji\/17.0.2\/svg\/1f4f6.svg\" alt=\"\ud83d\udcf6\" \/>\u00a0Wi-Fi gratuito<\/strong> para passageiros<\/p><p><img decoding=\"async\" class=\"emoji\" role=\"img\" src=\"https:\/\/s.w.org\/images\/core\/emoji\/17.0.2\/svg\/1f4de.svg\" alt=\"\ud83d\udcde\" \/> <strong>Atendimento ao Cliente:<\/strong> Central de atendimento 24 h,\u00a0Telefone:\u00a0<span style=\"font-size: 1rem\">(51) 3210-0101<\/span><\/p><ul data-start=\"345\" data-end=\"488\"><li data-start=\"428\" data-end=\"488\"><p data-start=\"430\" data-end=\"488\">Site oficial: www.rodoviaria-poa.com.br<\/p><\/li><\/ul>\t\t\t\t\t\t\t\t<\/div>\n\t\t\t\t<div class=\"elementor-element elementor-element-1713944 elementor-widget elementor-widget-heading\" data-id=\"1713944\" data-element_type=\"widget\" data-widget_type=\"heading.default\">\n\t\t\t\t\t<h2 class=\"elementor-heading-title elementor-size-default\">Rodovi\u00e1ria de Porto Alegre \u279c Rodovi\u00e1ria de Pelotas<\/h2>\t\t\t\t<\/div>\n\t\t\t\t<div class=\"elementor-element elementor-element-3aa3024 elementor-widget elementor-widget-text-editor\" data-id=\"3aa3024\" data-element_type=\"widget\" data-widget_type=\"text-editor.default\">\n\t\t\t\t\t\t\t\t\t<p data-start=\"668\" data-end=\"857\"><strong>\ud83d\ude8c Viagens via Embaixador. Hor\u00e1rios entre 6h00 e 22h00. Dura\u00e7\u00e3o m\u00e9dia de 3h30min. Valor entre R$ 100 e R$ 150<\/strong><\/p><ul data-start=\"345\" data-end=\"488\"><li data-start=\"428\" data-end=\"488\"><p data-start=\"430\" data-end=\"488\">Site oficial: https:\/\/www.expressoembaixador.com.br\/busca-de-horarios<\/p><\/li><\/ul>\t\t\t\t\t\t\t\t<\/div>\n\t\t\t\t<div class=\"elementor-element elementor-element-ae5607c elementor-widget elementor-widget-text-editor\" data-id=\"ae5607c\" data-element_type=\"widget\" data-widget_type=\"text-editor.default\">\n\t\t\t\t\t\t\t\t\t<p>\ud83d\udccd <strong data-start=\"48\" data-end=\"64\">Localiza\u00e7\u00e3o Rodovi\u00e1ria de Pelotas: <\/strong>Avenida Presidente Jo\u00e3o Belchior Marques Goulart, 4605, Fragata, Pelotas\/RS<\/p><p><strong data-start=\"1014\" data-end=\"1032\">\ud83d\udcf6\u00a0Wi-Fi gratuito<\/strong> para passageiros<\/p><p>\ud83d\udcde <strong>Atendimento ao Cliente:<\/strong> Central de atendimento de segunda a s\u00e1bado: 08h:00 \u00e0s 18h:00 e domingo: 13h:00 \u00e0s 19h:00,\u00a0Telefone: (53) 2222-0045<\/p><ul data-start=\"345\" data-end=\"488\"><li data-start=\"428\" data-end=\"488\"><p data-start=\"430\" data-end=\"488\">Site oficial: www.rodoviariapelotas.com.br\/<\/p><\/li><\/ul>\t\t\t\t\t\t\t\t<\/div>\n\t\t\t\t<div class=\"elementor-element elementor-element-28b4c96 elementor-widget elementor-widget-heading\" data-id=\"28b4c96\" data-element_type=\"widget\" data-widget_type=\"heading.default\">\n\t\t\t\t\t<h2 class=\"elementor-heading-title elementor-size-default\">Rodovi\u00e1ria de Pelotas \u279c Centro de Pelotas<\/h2>\t\t\t\t<\/div>\n\t\t\t\t<div class=\"elementor-element elementor-element-19e72c3 elementor-widget elementor-widget-text-editor\" data-id=\"19e72c3\" data-element_type=\"widget\" data-widget_type=\"text-editor.default\">\n\t\t\t\t\t\t\t\t\t<p data-start=\"544\" data-end=\"612\"><strong data-start=\"544\" data-end=\"561\">Op\u00e7\u00e3o 1) T\u00e1xi ou Uber<\/strong><br data-start=\"561\" data-end=\"564\" \/>\ud83d\ude96 Dispon\u00edvel em frente ao terminal de passageiros\u00a0<\/p><p data-start=\"668\" data-end=\"857\"><strong data-start=\"668\" data-end=\"687\">Op\u00e7\u00e3o 2) \u00d4nibus<\/strong><br data-start=\"687\" data-end=\"690\" \/>\ud83d\ude8c Linha n\u00ba 1831 Padre R\u00e9us \/ Rodovi\u00e1ria ou 1301 Gotuzzo Cohab Direita com parada na pr\u00f3pria rodovi\u00e1ria com trajeto at\u00e9 o centro da cidade<\/p><p data-start=\"859\" data-end=\"977\"><strong data-start=\"859\" data-end=\"889\">Op\u00e7\u00e3o 3) Aluguel de Carros<\/strong><br data-start=\"889\" data-end=\"892\" \/><img decoding=\"async\" class=\"emoji\" role=\"img\" src=\"https:\/\/s.w.org\/images\/core\/emoji\/17.0.2\/svg\/1f4cd.svg\" alt=\"\ud83d\udccd\" \/>Locadoras dispon\u00edveis no pr\u00f3pria rodovi\u00e1ria.<\/p>\t\t\t\t\t\t\t\t<\/div>\n\t\t\t\t<\/div>\n\t\t\t\t\t<\/details>\n\t\t\t\t\t<\/div>\n\t\t\t\t\t\t<\/div>\n\t\t\t\t\t<\/div>\n\t\t\t\t<\/div>\n\t\t\t\t<\/div>\n\t\t","protected":false},"excerpt":{"rendered":"<p>XXIII\u00a0Encontro Nacional de Ensino de Qu\u00edmica Pelotas \u00e9 uma cidade no sul do Rio Grande do Sul que combina charme hist\u00f3rico, tradi\u00e7\u00e3o cultural e uma das gastronomias mais famosas do Brasil. Com um clima acolhedor e uma vida cultural vibrante, Pelotas \u00e9 um destino ideal para quem busca hist\u00f3ria, sabores marcantes e a hospitalidade ga\u00facha em um s\u00f3 lugar. Veja o mapa da cidade:\u00a0 Pelotas pode ser acessada por duas alternativas principais: Desembarcando no Aeroporto Internacional de Pelotas (PET) \ud83d\udccd Localiza\u00e7\u00e3o do Aeroporto de Pelotas: Avenida Zeferino Costa, S\/N \u2013 Bairro Tr\u00eas Vendas \u2013 Pelotas\/RS \ud83d\udccc Aproximadamente 7 km do centro da cidade,\u00a0\ud83d\udd52 Tempo estimado de deslocamento de 15 a 20 minutos \ud83d\udeeb Destinos Nacionais: S\u00e3o Paulo (SP) e Campinas (SP) \ud83d\udcf6\u00a0Wi-Fi gratuito para passageiros \ud83d\udcde Atendimento ao Cliente: Central 24 horas \u2013 todos os dias da semana, Telefone: 0800 727 4720 Site oficial: www.https:\/\/aeroportos.motiva.com.br\/pelotas-rs\/ Aeroporto de Pelotas \u279c Centro de Pelotas Op\u00e7\u00e3o 1) T\u00e1xi ou Uber\ud83d\ude96 Dispon\u00edvel em frente ao terminal de passageiros.\u00a0 Op\u00e7\u00e3o 2) \u00d4nibus\ud83d\ude8c Linha n\u00ba 3561 \u2013 Get\u00falio Vargas (via Aeroporto) &#8211;\u00a0Parada localizada a aproximadamente 300 metros da entrada do aeroporto, com trajeto at\u00e9 o centro da cidade. Op\u00e7\u00e3o 3) Aluguel de CarrosLocadoras dispon\u00edveis no pr\u00f3prio aeroporto. Terminal de passageiros \u2013 Piso 1 Desembarcando no Aeroporto Internacional Salgado Filho (POA) \ud83d\udccd Localiza\u00e7\u00e3o Aeroporto de Porto Alegre: Avenida Severo Dullius, 90.010 \u2013 Anchieta \u2013 Porto Alegre\/RS \u2708\ufe0f Maior oferta de voos nacionais e internacionais: Flexibilidade de hor\u00e1rios e conex\u00f5es \ud83d\udeeb Destinos nacionais e internacionais variados \ud83d\udcf6\u00a0Wi-Fi gratuito para passageiros \ud83d\udcde Atendimento ao Cliente: Central 24 horas \u2013 todos os dias da semana, Telefone: (51) 3358-2000 Site oficial: www.portoalegre-airport.com.br Viagem em etapas: Aeroporto de Porto Alegre \u279c Rodovi\u00e1ria de Porto Alegre Op\u00e7\u00e3o 1) Aerom\u00f3vel + Trem (Trensurb)\ud83d\ude9d Aerom\u00f3vel conecta gratuitamente o Terminal 1 \u00e0 esta\u00e7\u00e3o rodovi\u00e1ria Aeroporto \u27a1\ufe0f Em seguida, utilizar o trem da Trensurb sentido Rodovi\u00e1ria\/Mercado \u23f1\ufe0f Dura\u00e7\u00e3o: 20 a 30 minutos\ud83d\udcb2 Custo estimado: R$ 4,50 Op\u00e7\u00e3o 2) T\u00e1xi ou Uber\ud83d\ude96 Dispon\u00edvel em frente ao terminal de passageiros \u23f1\ufe0f Dura\u00e7\u00e3o: 10 a 15 minutos\ud83d\udcb2 Custo estimado: R$ 45 a R$ 60\u00a0 Op\u00e7\u00e3o 3) \u00d4nibusLinhas como 7052 ou Airport Bus (executivo)\ud83d\udcb2 Custo estimado: R$ 5 a R$ 8 Localiza\u00e7\u00e3o Rodovi\u00e1ria de Porto Alegre: Largo Vespasiano J\u00falio Veppo, 70, no Centro Hist\u00f3rico, Porto Alegre\/RS \u00a0Wi-Fi gratuito para passageiros Atendimento ao Cliente: Central de atendimento 24 h,\u00a0Telefone:\u00a0(51) 3210-0101 Site oficial: www.rodoviaria-poa.com.br Rodovi\u00e1ria de Porto Alegre \u279c Rodovi\u00e1ria de Pelotas \ud83d\ude8c Viagens via Embaixador. Hor\u00e1rios entre 6h00 e 22h00. Dura\u00e7\u00e3o m\u00e9dia de 3h30min. Valor entre R$ 100 e R$ 150 Site oficial: https:\/\/www.expressoembaixador.com.br\/busca-de-horarios \ud83d\udccd Localiza\u00e7\u00e3o Rodovi\u00e1ria de Pelotas: Avenida Presidente Jo\u00e3o Belchior Marques Goulart, 4605, Fragata, Pelotas\/RS \ud83d\udcf6\u00a0Wi-Fi gratuito para passageiros \ud83d\udcde Atendimento ao Cliente: Central de atendimento de segunda a s\u00e1bado: 08h:00 \u00e0s 18h:00 e domingo: 13h:00 \u00e0s 19h:00,\u00a0Telefone: (53) 2222-0045 Site oficial: www.rodoviariapelotas.com.br\/ Rodovi\u00e1ria de Pelotas \u279c Centro de Pelotas Op\u00e7\u00e3o 1) T\u00e1xi ou Uber\ud83d\ude96 Dispon\u00edvel em frente ao terminal de passageiros\u00a0 Op\u00e7\u00e3o 2) \u00d4nibus\ud83d\ude8c Linha n\u00ba 1831 Padre R\u00e9us \/ Rodovi\u00e1ria ou 1301 Gotuzzo Cohab Direita com parada na pr\u00f3pria rodovi\u00e1ria com trajeto at\u00e9 o centro da cidade Op\u00e7\u00e3o 3) Aluguel de CarrosLocadoras dispon\u00edveis no pr\u00f3pria rodovi\u00e1ria. \ud83d\udccd Localiza\u00e7\u00e3o do Aeroporto de Pelotas: Avenida Zeferino Costa, S\/N \u2013 Bairro Tr\u00eas Vendas \u2013 Pelotas\/RS \ud83d\udccc Aproximadamente 7 km do centro da cidade,\u00a0\ud83d\udd52 Tempo estimado de deslocamento de 15 a 20 minutos \ud83d\udeeb Destinos Nacionais: S\u00e3o Paulo (SP) e Campinas (SP) \ud83d\udcf6\u00a0Wi-Fi gratuito para passageiros \ud83d\udcde Atendimento ao Cliente: Central 24 horas \u2013 todos os dias da semana, Telefone: 0800 727 4720 Site oficial: www.https:\/\/aeroportos.motiva.com.br\/pelotas-rs\/ Aeroporto de Pelotas \u279c Centro de Pelotas Op\u00e7\u00e3o 1) T\u00e1xi ou Uber\ud83d\ude96 Dispon\u00edvel em frente ao terminal de passageiros.\u00a0 Op\u00e7\u00e3o 2) \u00d4nibus\ud83d\ude8c Linha n\u00ba 3561 \u2013 Get\u00falio Vargas (via Aeroporto) &#8211;\u00a0Parada localizada a aproximadamente 300 metros da entrada do aeroporto, com trajeto at\u00e9 o centro da cidade. Op\u00e7\u00e3o 3) Aluguel de CarrosLocadoras dispon\u00edveis no pr\u00f3prio aeroporto. Terminal de passageiros \u2013 Piso 1 \ud83d\udccd Localiza\u00e7\u00e3o Aeroporto de Porto Alegre: Avenida Severo Dullius, 90.010 \u2013 Anchieta \u2013 Porto Alegre\/RS \u2708\ufe0f Maior oferta de voos nacionais e internacionais: Flexibilidade de hor\u00e1rios e conex\u00f5es \ud83d\udeeb Destinos nacionais e internacionais variados \ud83d\udcf6\u00a0Wi-Fi gratuito para passageiros \ud83d\udcde Atendimento ao Cliente: Central 24 horas \u2013 todos os dias da semana, Telefone: (51) 3358-2000 Site oficial: www.portoalegre-airport.com.br Viagem em etapas: Aeroporto de Porto Alegre \u279c Rodovi\u00e1ria de Porto Alegre Op\u00e7\u00e3o 1) Aerom\u00f3vel + Trem (Trensurb)\ud83d\ude9d Aerom\u00f3vel conecta gratuitamente o Terminal 1 \u00e0 esta\u00e7\u00e3o rodovi\u00e1ria Aeroporto \u27a1\ufe0f Em seguida, utilizar o trem da Trensurb sentido Rodovi\u00e1ria\/Mercado \u23f1\ufe0f Dura\u00e7\u00e3o: 20 a 30 minutos\ud83d\udcb2 Custo estimado: R$ 4,50 Op\u00e7\u00e3o 2) T\u00e1xi ou Uber\ud83d\ude96 Dispon\u00edvel em frente ao terminal de passageiros \u23f1\ufe0f Dura\u00e7\u00e3o: 10 a 15 minutos\ud83d\udcb2 Custo estimado: R$ 45 a R$ 60\u00a0 Op\u00e7\u00e3o 3) \u00d4nibusLinhas como 7052 ou Airport Bus (executivo)\ud83d\udcb2 Custo estimado: R$ 5 a R$ 8 Localiza\u00e7\u00e3o Rodovi\u00e1ria de Porto Alegre: Largo Vespasiano J\u00falio Veppo, 70, no Centro Hist\u00f3rico, Porto Alegre\/RS \u00a0Wi-Fi gratuito para passageiros Atendimento ao Cliente: Central de atendimento 24 h,\u00a0Telefone:\u00a0(51) 3210-0101 Site oficial: www.rodoviaria-poa.com.br Rodovi\u00e1ria de Porto Alegre \u279c Rodovi\u00e1ria de Pelotas \ud83d\ude8c Viagens via Embaixador. Hor\u00e1rios entre 6h00 e 22h00. Dura\u00e7\u00e3o m\u00e9dia de 3h30min. Valor entre R$ 100 e R$ 150 Site oficial: https:\/\/www.expressoembaixador.com.br\/busca-de-horarios \ud83d\udccd Localiza\u00e7\u00e3o Rodovi\u00e1ria de Pelotas: Avenida Presidente Jo\u00e3o Belchior Marques Goulart, 4605, Fragata, Pelotas\/RS \ud83d\udcf6\u00a0Wi-Fi gratuito para passageiros \ud83d\udcde Atendimento ao Cliente: Central de atendimento de segunda a s\u00e1bado: 08h:00 \u00e0s 18h:00 e domingo: 13h:00 \u00e0s 19h:00,\u00a0Telefone: (53) 2222-0045 Site oficial: www.rodoviariapelotas.com.br\/ Rodovi\u00e1ria de Pelotas \u279c Centro de Pelotas Op\u00e7\u00e3o 1) T\u00e1xi ou Uber\ud83d\ude96 Dispon\u00edvel em frente ao terminal de passageiros\u00a0 Op\u00e7\u00e3o 2) \u00d4nibus\ud83d\ude8c Linha n\u00ba 1831 Padre R\u00e9us \/ Rodovi\u00e1ria ou 1301 Gotuzzo Cohab Direita com parada na pr\u00f3pria rodovi\u00e1ria com trajeto at\u00e9 o centro da cidade Op\u00e7\u00e3o 3) Aluguel de CarrosLocadoras dispon\u00edveis no pr\u00f3pria rodovi\u00e1ria.<\/p>\n","protected":false},"author":13,"featured_media":0,"parent":126,"menu_order":0,"comment_status":"closed","ping_status":"closed","template":"","meta":{"footnotes":""},"class_list":["post-129","page","type-page","status-publish","hentry"],"_links":{"self":[{"href":"https:\/\/portal.sbenq.org.br\/eneq\/wp-json\/wp\/v2\/pages\/129","targetHints":{"allow":["GET"]}}],"collection":[{"href":"https:\/\/portal.sbenq.org.br\/eneq\/wp-json\/wp\/v2\/pages"}],"about":[{"href":"https:\/\/portal.sbenq.org.br\/eneq\/wp-json\/wp\/v2\/types\/page"}],"author":[{"embeddable":true,"href":"https:\/\/portal.sbenq.org.br\/eneq\/wp-json\/wp\/v2\/users\/13"}],"replies":[{"embeddable":true,"href":"https:\/\/portal.sbenq.org.br\/eneq\/wp-json\/wp\/v2\/comments?post=129"}],"version-history":[{"count":97,"href":"https:\/\/portal.sbenq.org.br\/eneq\/wp-json\/wp\/v2\/pages\/129\/revisions"}],"predecessor-version":[{"id":1185,"href":"https:\/\/portal.sbenq.org.br\/eneq\/wp-json\/wp\/v2\/pages\/129\/revisions\/1185"}],"up":[{"embeddable":true,"href":"https:\/\/portal.sbenq.org.br\/eneq\/wp-json\/wp\/v2\/pages\/126"}],"wp:attachment":[{"href":"https:\/\/portal.sbenq.org.br\/eneq\/wp-json\/wp\/v2\/media?parent=129"}],"curies":[{"name":"wp","href":"https:\/\/api.w.org\/{rel}","templated":true}]}}