{"id":133,"date":"2025-11-10T16:33:38","date_gmt":"2025-11-10T19:33:38","guid":{"rendered":"https:\/\/portal.sbenq.org.br\/eneq\/?page_id=133"},"modified":"2026-03-05T14:28:18","modified_gmt":"2026-03-05T17:28:18","slug":"onde-se-alimentar-em-pelotas","status":"publish","type":"page","link":"https:\/\/portal.sbenq.org.br\/eneq\/como-chegar-no-eneq\/onde-se-alimentar-em-pelotas\/","title":{"rendered":"Onde se hospedar em Pelotas?"},"content":{"rendered":"\t\t<div data-elementor-type=\"wp-page\" data-elementor-id=\"133\" class=\"elementor elementor-133\" data-elementor-settings=\"{&quot;ha_cmc_init_switcher&quot;:&quot;no&quot;}\" data-elementor-post-type=\"page\">\n\t\t\t\t<div class=\"elementor-element elementor-element-d193a79 e-flex e-con-boxed wpr-particle-no wpr-jarallax-no wpr-parallax-no wpr-sticky-section-no e-con e-parent\" data-id=\"d193a79\" data-element_type=\"container\" data-settings=\"{&quot;_ha_eqh_enable&quot;:false}\">\n\t\t\t\t\t<div class=\"e-con-inner\">\n\t\t\t\t<div class=\"elementor-element elementor-element-22cc327 elementor-widget elementor-widget-heading\" data-id=\"22cc327\" data-element_type=\"widget\" data-widget_type=\"heading.default\">\n\t\t\t\t\t<h2 class=\"elementor-heading-title elementor-size-default\">Hospedagem<\/h2>\t\t\t\t<\/div>\n\t\t\t\t<div class=\"elementor-element elementor-element-76b7c35 elementor-widget elementor-widget-text-editor\" data-id=\"76b7c35\" data-element_type=\"widget\" data-widget_type=\"text-editor.default\">\n\t\t\t\t\t\t\t\t\t<p>Pelotas \u00e9 reconhecida como um importante patrim\u00f4nio hist\u00f3rico e cultural. Famosa por sua arquitetura bem preservada, pela forte tradi\u00e7\u00e3o doceira e pela influ\u00eancia das antigas charqueadas, a cidade conquista moradores e visitantes com seu charme caracter\u00edstico e clima acolhedor.<\/p><p>Passear pelo centro hist\u00f3rico \u00e9 como fazer uma viagem ao passado: casar\u00f5es imponentes, pra\u00e7as arborizadas e edif\u00edcios antigos evidenciam a relev\u00e2ncia econ\u00f4mica e cultural alcan\u00e7ada no s\u00e9culo XIX. A cidade \u00e9 marcada por intensa vida universit\u00e1ria, agenda cultural ativa, gastronomia t\u00edpica e pela proximidade com a charmosa Praia do Laranjal, \u00e0s margens da Lagoa dos Patos.<\/p><p>Pelotas oferece diversas op\u00e7\u00f5es de hospedagem, que v\u00e3o de hot\u00e9is e pousadas aconchegantes no centro hist\u00f3rico a acomoda\u00e7\u00f5es pr\u00f3ximas \u00e0 Praia do Laranjal, atendendo a diferentes perfis de visitantes e or\u00e7amentos. Recomendamos as regi\u00f5es demarcadas no mapa para sua hospedagem para o evento.<\/p><p><strong>\u2705 Recomendamos os bairros: Centro, Tr\u00eas Vendas e Fragata.<\/strong><\/p>\t\t\t\t\t\t\t\t<\/div>\n\t\t\t\t<div class=\"elementor-element elementor-element-1ecba2b elementor-widget elementor-widget-image\" data-id=\"1ecba2b\" data-element_type=\"widget\" data-widget_type=\"image.default\">\n\t\t\t\t\t\t\t\t\t\t\t\t\t\t\t<img fetchpriority=\"high\" decoding=\"async\" width=\"800\" height=\"355\" src=\"https:\/\/portal.sbenq.org.br\/eneq\/wp-content\/uploads\/sites\/3\/2026\/03\/hoteis-2-1024x455.png\" class=\"attachment-large size-large wp-image-1197\" alt=\"\" srcset=\"https:\/\/portal.sbenq.org.br\/eneq\/wp-content\/uploads\/sites\/3\/2026\/03\/hoteis-2-1024x455.png 1024w, https:\/\/portal.sbenq.org.br\/eneq\/wp-content\/uploads\/sites\/3\/2026\/03\/hoteis-2-300x133.png 300w, https:\/\/portal.sbenq.org.br\/eneq\/wp-content\/uploads\/sites\/3\/2026\/03\/hoteis-2-768x342.png 768w, https:\/\/portal.sbenq.org.br\/eneq\/wp-content\/uploads\/sites\/3\/2026\/03\/hoteis-2.png 1268w\" sizes=\"(max-width: 800px) 100vw, 800px\" \/>\t\t\t\t\t\t\t\t\t\t\t\t\t\t\t<\/div>\n\t\t\t\t<div class=\"elementor-element elementor-element-ea21daa elementor-widget elementor-widget-text-editor\" data-id=\"ea21daa\" data-element_type=\"widget\" data-widget_type=\"text-editor.default\">\n\t\t\t\t\t\t\t\t\t<p><strong>\ud83d\udccd Em breve informa\u00e7\u00f5es de hot\u00e9is parceiros.<\/strong><\/p>\t\t\t\t\t\t\t\t<\/div>\n\t\t\t\t\t<\/div>\n\t\t\t\t<\/div>\n\t\t\t\t<\/div>\n\t\t","protected":false},"excerpt":{"rendered":"<p>Hospedagem Pelotas \u00e9 reconhecida como um importante patrim\u00f4nio hist\u00f3rico e cultural. Famosa por sua arquitetura bem preservada, pela forte tradi\u00e7\u00e3o doceira e pela influ\u00eancia das antigas charqueadas, a cidade conquista moradores e visitantes com seu charme caracter\u00edstico e clima acolhedor. Passear pelo centro hist\u00f3rico \u00e9 como fazer uma viagem ao passado: casar\u00f5es imponentes, pra\u00e7as arborizadas e edif\u00edcios antigos evidenciam a relev\u00e2ncia econ\u00f4mica e cultural alcan\u00e7ada no s\u00e9culo XIX. A cidade \u00e9 marcada por intensa vida universit\u00e1ria, agenda cultural ativa, gastronomia t\u00edpica e pela proximidade com a charmosa Praia do Laranjal, \u00e0s margens da Lagoa dos Patos. Pelotas oferece diversas op\u00e7\u00f5es de hospedagem, que v\u00e3o de hot\u00e9is e pousadas aconchegantes no centro hist\u00f3rico a acomoda\u00e7\u00f5es pr\u00f3ximas \u00e0 Praia do Laranjal, atendendo a diferentes perfis de visitantes e or\u00e7amentos. Recomendamos as regi\u00f5es demarcadas no mapa para sua hospedagem para o evento. \u2705 Recomendamos os bairros: Centro, Tr\u00eas Vendas e Fragata. \ud83d\udccd Em breve informa\u00e7\u00f5es de hot\u00e9is parceiros.<\/p>\n","protected":false},"author":13,"featured_media":0,"parent":126,"menu_order":0,"comment_status":"closed","ping_status":"closed","template":"","meta":{"footnotes":""},"class_list":["post-133","page","type-page","status-publish","hentry"],"_links":{"self":[{"href":"https:\/\/portal.sbenq.org.br\/eneq\/wp-json\/wp\/v2\/pages\/133","targetHints":{"allow":["GET"]}}],"collection":[{"href":"https:\/\/portal.sbenq.org.br\/eneq\/wp-json\/wp\/v2\/pages"}],"about":[{"href":"https:\/\/portal.sbenq.org.br\/eneq\/wp-json\/wp\/v2\/types\/page"}],"author":[{"embeddable":true,"href":"https:\/\/portal.sbenq.org.br\/eneq\/wp-json\/wp\/v2\/users\/13"}],"replies":[{"embeddable":true,"href":"https:\/\/portal.sbenq.org.br\/eneq\/wp-json\/wp\/v2\/comments?post=133"}],"version-history":[{"count":12,"href":"https:\/\/portal.sbenq.org.br\/eneq\/wp-json\/wp\/v2\/pages\/133\/revisions"}],"predecessor-version":[{"id":1200,"href":"https:\/\/portal.sbenq.org.br\/eneq\/wp-json\/wp\/v2\/pages\/133\/revisions\/1200"}],"up":[{"embeddable":true,"href":"https:\/\/portal.sbenq.org.br\/eneq\/wp-json\/wp\/v2\/pages\/126"}],"wp:attachment":[{"href":"https:\/\/portal.sbenq.org.br\/eneq\/wp-json\/wp\/v2\/media?parent=133"}],"curies":[{"name":"wp","href":"https:\/\/api.w.org\/{rel}","templated":true}]}}