{"id":416,"date":"2026-02-11T20:45:53","date_gmt":"2026-02-11T23:45:53","guid":{"rendered":"https:\/\/portal.sbenq.org.br\/eneq\/?page_id=416"},"modified":"2026-02-13T18:23:18","modified_gmt":"2026-02-13T21:23:18","slug":"noticias","status":"publish","type":"page","link":"https:\/\/portal.sbenq.org.br\/eneq\/noticias\/","title":{"rendered":"Not\u00edcias"},"content":{"rendered":"\t\t<div data-elementor-type=\"wp-page\" data-elementor-id=\"416\" class=\"elementor elementor-416\" data-elementor-settings=\"{&quot;ha_cmc_init_switcher&quot;:&quot;no&quot;}\" data-elementor-post-type=\"page\">\n\t\t\t\t<div class=\"elementor-element elementor-element-126a188 e-flex e-con-boxed wpr-particle-no wpr-jarallax-no wpr-parallax-no wpr-sticky-section-no e-con e-parent\" data-id=\"126a188\" data-element_type=\"container\" data-settings=\"{&quot;_ha_eqh_enable&quot;:false}\">\n\t\t\t\t\t<div class=\"e-con-inner\">\n\t\t\t\t<div class=\"elementor-element elementor-element-0cd5bb7 elementor-grid-eael-col-4 elementor-grid-tablet-eael-col-2 elementor-grid-mobile-eael-col-1 elementor-widget elementor-widget-eael-post-grid\" data-id=\"0cd5bb7\" data-element_type=\"widget\" data-settings=\"{&quot;eael_post_grid_columns&quot;:&quot;eael-col-4&quot;,&quot;eael_post_grid_columns_tablet&quot;:&quot;eael-col-2&quot;,&quot;eael_post_grid_columns_mobile&quot;:&quot;eael-col-1&quot;}\" data-widget_type=\"eael-post-grid.default\">\n\t\t\t\t\t<div id=\"eael-post-grid-0cd5bb7\" class=\"eael-post-grid-container\">\n            <div class=\"eael-post-grid eael-post-appender eael-post-appender-0cd5bb7 eael-post-grid-style-two\" data-layout-mode=\"masonry\"><article class=\"eael-grid-post eael-post-grid-column\" data-id=\"1114\">\n    <div class=\"eael-grid-post-holder\">\n        <div class=\"eael-grid-post-holder-inner\"><div class=\"eael-entry-wrapper\"><header class=\"eael-entry-header\"><h2 class=\"eael-entry-title\"><a class=\"eael-grid-post-link\" href=\"https:\/\/portal.sbenq.org.br\/eneq\/2026\/03\/02\/primeira-circular-do-xxiii-eneq-xlv-edeq-ix-momadiq-v-profqui-sul-e-simposio-brasileiro-de-ensino-de-quimica-verde-e-sustentavel\/\" title=\"Primeira Circular do XXIII ENEQ, XLV EDEQ, IX MOMADIQ, V PROFQUI-SUL e Simp\u00f3sio Brasileiro de Ensino de Qu\u00edmica Verde e Sustent\u00e1vel\">Primeira Circular do XXIII ENEQ, XLV EDEQ, IX MOMADIQ, V PROFQUI-SUL e Simp\u00f3sio Brasileiro de Ensino de Qu\u00edmica Verde e Sustent\u00e1vel<\/a><\/h2><\/header><div class=\"eael-entry-content\">\n                                <div class=\"eael-grid-post-excerpt\"><p>A Comiss\u00e3o de Organiza\u00e7\u00e3o do ENEQ tem o prazer de...<\/p><a href=\"https:\/\/portal.sbenq.org.br\/eneq\/2026\/03\/02\/primeira-circular-do-xxiii-eneq-xlv-edeq-ix-momadiq-v-profqui-sul-e-simposio-brasileiro-de-ensino-de-quimica-verde-e-sustentavel\/\" class=\"eael-post-elements-readmore-btn\">Leia mais<\/a><\/div>\n                            <\/div><div class=\"eael-entry-header-after style-two\"><div class=\"eael-entry-meta\"><span class=\"eael-meta-posted-on\"><i class=\"far fa-clock\"><\/i><time datetime=\"2 de mar\u00e7o de 2026\">2 de mar\u00e7o de 2026<\/time><\/span><\/div><\/div><\/div><\/div>\n    <\/div>\n<\/article><article class=\"eael-grid-post eael-post-grid-column\" data-id=\"826\">\n    <div class=\"eael-grid-post-holder\">\n        <div class=\"eael-grid-post-holder-inner\"><div class=\"eael-entry-wrapper\"><header class=\"eael-entry-header\"><h2 class=\"eael-entry-title\"><a class=\"eael-grid-post-link\" href=\"https:\/\/portal.sbenq.org.br\/eneq\/2026\/02\/18\/lotes-categorias-de-inscricao-e-valores-divulgados\/\" title=\"Lotes, categorias de Inscri\u00e7\u00e3o e valores divulgados\">Lotes, categorias de Inscri\u00e7\u00e3o e valores divulgados<\/a><\/h2><\/header><div class=\"eael-entry-content\">\n                                <div class=\"eael-grid-post-excerpt\"><p>J\u00e1 est\u00e3o divulgados na p\u00e1gina de inscri\u00e7\u00f5es os valores e...<\/p><a href=\"https:\/\/portal.sbenq.org.br\/eneq\/2026\/02\/18\/lotes-categorias-de-inscricao-e-valores-divulgados\/\" class=\"eael-post-elements-readmore-btn\">Leia mais<\/a><\/div>\n                            <\/div><div class=\"eael-entry-header-after style-two\"><div class=\"eael-entry-meta\"><span class=\"eael-meta-posted-on\"><i class=\"far fa-clock\"><\/i><time datetime=\"18 de fevereiro de 2026\">18 de fevereiro de 2026<\/time><\/span><\/div><\/div><\/div><\/div>\n    <\/div>\n<\/article><article class=\"eael-grid-post eael-post-grid-column\" data-id=\"808\">\n    <div class=\"eael-grid-post-holder\">\n        <div class=\"eael-grid-post-holder-inner\"><div class=\"eael-entry-wrapper\"><header class=\"eael-entry-header\"><h2 class=\"eael-entry-title\"><a class=\"eael-grid-post-link\" href=\"https:\/\/portal.sbenq.org.br\/eneq\/2026\/02\/18\/site-em-construcao\/\" title=\"Site em constru\u00e7\u00e3o\">Site em constru\u00e7\u00e3o<\/a><\/h2><\/header><div class=\"eael-entry-content\">\n                                <div class=\"eael-grid-post-excerpt\"><p>Aten\u00e7\u00e3o comunidade do ENEQ, EDEQ, PROFQUI-SUL, MOMADIQ e SBEQVS: o...<\/p><a href=\"https:\/\/portal.sbenq.org.br\/eneq\/2026\/02\/18\/site-em-construcao\/\" class=\"eael-post-elements-readmore-btn\">Leia mais<\/a><\/div>\n                            <\/div><div class=\"eael-entry-header-after style-two\"><div class=\"eael-entry-meta\"><span class=\"eael-meta-posted-on\"><i class=\"far fa-clock\"><\/i><time datetime=\"18 de fevereiro de 2026\">18 de fevereiro de 2026<\/time><\/span><\/div><\/div><\/div><\/div>\n    <\/div>\n<\/article><\/div>\n            <div class=\"clearfix\"><\/div>\n        <\/div>\t\t\t\t<\/div>\n\t\t\t\t\t<\/div>\n\t\t\t\t<\/div>\n\t\t\t\t<\/div>\n\t\t","protected":false},"excerpt":{"rendered":"<p>teste asfadsfasdf Leia mais 5 de fevereiro de 2026 Ol\u00e1, mundo! Boas-vindas ao SBEnQ sites. Esse \u00e9 o seu primeiro post&#8230;. Leia mais 10 de novembro de 2025<\/p>\n","protected":false},"author":13,"featured_media":0,"parent":0,"menu_order":0,"comment_status":"closed","ping_status":"closed","template":"","meta":{"footnotes":""},"class_list":["post-416","page","type-page","status-publish","hentry"],"_links":{"self":[{"href":"https:\/\/portal.sbenq.org.br\/eneq\/wp-json\/wp\/v2\/pages\/416","targetHints":{"allow":["GET"]}}],"collection":[{"href":"https:\/\/portal.sbenq.org.br\/eneq\/wp-json\/wp\/v2\/pages"}],"about":[{"href":"https:\/\/portal.sbenq.org.br\/eneq\/wp-json\/wp\/v2\/types\/page"}],"author":[{"embeddable":true,"href":"https:\/\/portal.sbenq.org.br\/eneq\/wp-json\/wp\/v2\/users\/13"}],"replies":[{"embeddable":true,"href":"https:\/\/portal.sbenq.org.br\/eneq\/wp-json\/wp\/v2\/comments?post=416"}],"version-history":[{"count":19,"href":"https:\/\/portal.sbenq.org.br\/eneq\/wp-json\/wp\/v2\/pages\/416\/revisions"}],"predecessor-version":[{"id":655,"href":"https:\/\/portal.sbenq.org.br\/eneq\/wp-json\/wp\/v2\/pages\/416\/revisions\/655"}],"wp:attachment":[{"href":"https:\/\/portal.sbenq.org.br\/eneq\/wp-json\/wp\/v2\/media?parent=416"}],"curies":[{"name":"wp","href":"https:\/\/api.w.org\/{rel}","templated":true}]}}