{"id":88,"date":"2025-11-10T16:17:15","date_gmt":"2025-11-10T19:17:15","guid":{"rendered":"https:\/\/portal.sbenq.org.br\/eneq\/?page_id=88"},"modified":"2026-02-27T16:28:27","modified_gmt":"2026-02-27T19:28:27","slug":"inscricoes","status":"publish","type":"page","link":"https:\/\/portal.sbenq.org.br\/eneq\/inscricoes\/","title":{"rendered":"Inscri\u00e7\u00f5es no ENEQ"},"content":{"rendered":"\t\t<div data-elementor-type=\"wp-page\" data-elementor-id=\"88\" class=\"elementor elementor-88\" data-elementor-settings=\"{&quot;ha_cmc_init_switcher&quot;:&quot;no&quot;}\" data-elementor-post-type=\"page\">\n\t\t\t\t<div class=\"elementor-element elementor-element-e6e48fe e-flex e-con-boxed wpr-particle-no wpr-jarallax-no wpr-parallax-no wpr-sticky-section-no e-con e-parent\" data-id=\"e6e48fe\" data-element_type=\"container\" data-settings=\"{&quot;_ha_eqh_enable&quot;:false}\">\n\t\t\t\t\t<div class=\"e-con-inner\">\n\t\t\t\t<div class=\"elementor-element elementor-element-f8a1d03 elementor-widget elementor-widget-text-editor\" data-id=\"f8a1d03\" data-element_type=\"widget\" data-widget_type=\"text-editor.default\">\n\t\t\t\t\t\t\t\t\t<p>O ENEQ e seus eventos integrados ter\u00e1 diferentes categorias de inscri\u00e7\u00e3o, conforme abaixo.<\/p><p>Por ser um sistema\u00a0<strong>paralelo ao site, orientamos fortemente a visualiza\u00e7\u00e3o dos tutoriais de inscri\u00e7\u00e3o (<a href=\"https:\/\/portal.sbenq.org.br\/eneq\/inscricoes\/tutoriais-para-inscricao\/\" target=\"_blank\" rel=\"noopener\">clique aqui para os tutoriais<\/a>)<\/strong><\/p><p><strong>Note-se que antes de efetivar a inscri\u00e7\u00e3o, voc\u00ea deve ter pronto para envio o COMPROVANTE de sua modalidade.\u00a0<\/strong>O sistema aceita imagens e arquivos PDF que n\u00e3o ultrapassem 1 Mb.<\/p><p>A modalidade<strong>\u00a0<em>&#8220;Associa\u00e7\u00e3o SBEnQ ou sociedades parceiras&#8221;\u00a0<\/em><\/strong>requer o envio da comprova\u00e7\u00e3o da associa\u00e7\u00e3o \u00e0 SBEnQ via carteira de associado (dispon\u00edvel em <a href=\"https:\/\/associacoes.softaliza.com.br\/login\/sbenq\" target=\"_blank\" rel=\"noopener\">https:\/\/associacoes.softaliza.com.br\/login\/sbenq<\/a>) ou de <strong>comprovante equivalente<\/strong> da sociedade parceira. Sociedades parceiras s\u00e3o: MIDEC, ABRAPEC, SBQ, ADEQRA e ADEQ.<\/p><p><strong>Somente ap\u00f3s a confirma\u00e7\u00e3o do comprovante <\/strong>ser\u00e1 efetivada a inscri\u00e7\u00e3o na modalidade. Caso haja inscri\u00e7\u00e3o em modalidade errada, ser\u00e1 necess\u00e1ria a altera\u00e7\u00e3o da modalidade e <strong>corre\u00e7\u00e3o<\/strong>\u00a0do valor da inscri\u00e7\u00e3o.<\/p><p>Os lotes t\u00eam altera\u00e7\u00e3o do valor automaticamente \u00e0s 23h59min da data limite discriminada. A inscri\u00e7\u00e3o somente \u00e9 confirmada ap\u00f3s a\u00a0<strong>compensa\u00e7\u00e3o do valor<\/strong>. Caso o\/a participante preencha os dados de inscri\u00e7\u00e3o, mas n\u00e3o pague na data limite do boleto, o cart\u00e3o de cr\u00e9dito n\u00e3o autorize ou o pix n\u00e3o seja efetivado, ser\u00e1 preciso realizar\u00a0<strong>novo procedimento de pagamento, que, se virado o prazo do Lote, ocorrer\u00e1 com o valor do novo lote de inscri\u00e7\u00f5es.<\/strong><\/p>\t\t\t\t\t\t\t\t<\/div>\n\t\t\t\t<div class=\"elementor-element elementor-element-6937ff1 elementor-align-center elementor-widget elementor-widget-button\" data-id=\"6937ff1\" data-element_type=\"widget\" data-widget_type=\"button.default\">\n\t\t\t\t\t\t\t\t\t\t<a class=\"elementor-button elementor-button-link elementor-size-sm\" href=\"https:\/\/app.ciente.studio\/xxiiieneq\/subscription\" target=\"_blank\">\n\t\t\t\t\t\t<span class=\"elementor-button-content-wrapper\">\n\t\t\t\t\t\t<span class=\"elementor-button-icon\">\n\t\t\t\t<i aria-hidden=\"true\" class=\"hm hm-form\"><\/i>\t\t\t<\/span>\n\t\t\t\t\t\t\t\t\t<span class=\"elementor-button-text\"> Inscreva-se clicando AQUI<\/span>\n\t\t\t\t\t<\/span>\n\t\t\t\t\t<\/a>\n\t\t\t\t\t\t\t\t<\/div>\n\t\t\t\t<div class=\"elementor-element elementor-element-07118b4 elementor-widget elementor-widget-eael-advanced-data-table\" data-id=\"07118b4\" data-element_type=\"widget\" data-widget_type=\"eael-advanced-data-table.default\">\n\t\t\t\t\t<div class=\"ea-advanced-data-table-wrap\" data-id=\"07118b4\"><div class=\"ea-advanced-data-table-search-wrap ea-advanced-data-table-search-right\"><input type=\"search\" placeholder=\"Pesquisar\" class=\"ea-advanced-data-table-search\"><\/div><div class=\"ea-advanced-data-table-wrap-inner\">\n                <table class=\"ea-advanced-data-table ea-advanced-data-table-static ea-advanced-data-table-07118b4 ea-advanced-data-table-sortable ea-advanced-data-table-searchable\" data-id=\"07118b4\"><thead><tr><th><p>Categoria<\/p><\/th><th><p>Lote 1<\/p><p>(at\u00e9 10\/05), parcel\u00e1vel em at\u00e9 2x<\/p><\/th><th><p>Lote 2<\/p><p>(at\u00e9 31\/07)<\/p><\/th><th><p>Lote 3<\/p><p>(at\u00e9 31\/10)<\/p><\/th><th><p>Lote 4 <\/p><p>(at\u00e9 06\/11)<\/p><\/th><\/tr><\/thead><tbody><tr><td><p><span>Associa\u00e7\u00e3o SBEnQ ou sociedades parceiras - Docente Superior ou EBTT<\/span><\/p><\/td><td><p>R$300,00<\/p><\/td><td><p>R$400,00<\/p><\/td><td><p>R$500,00<\/p><\/td><td><p>R$600,00<\/p><\/td><\/tr><tr><td><p><span>Associa\u00e7\u00e3o SBEnQ ou sociedades parceiras - Estudante de P\u00f3s-Gradua\u00e7\u00e3o<\/span><\/p><\/td><td><p>R$200,00<\/p><\/td><td><p>R$250,00<\/p><\/td><td><p>R$300,00<\/p><\/td><td><p>R$400,00<\/p><\/td><\/tr><tr><td><p><span>Associa\u00e7\u00e3o SBEnQ ou parceiras - Docente Escola B\u00e1sica<\/span><\/p><\/td><td><p>R$100,00<\/p><\/td><td><p>R$125,00<\/p><\/td><td><p>R$150,00<\/p><\/td><td><p>R$200,00<\/p><\/td><\/tr><tr><td><p><span>Associa\u00e7\u00e3o SBEnQ ou sociedades parceiras - Estudante de Gradua\u00e7\u00e3o<\/span><\/p><\/td><td><p>R$100,00<\/p><\/td><td><p>R$125,00<\/p><\/td><td><p>R$150,00<\/p><\/td><td><p>R$200,00<\/p><\/td><\/tr><tr><td><p><span>Associa\u00e7\u00e3o SBEnQ ou sociedades parceiras - Profissional da Educa\u00e7\u00e3o n\u00e3o docente<\/span><\/p><\/td><td><p>R$150,00<\/p><\/td><td><p>R$200,00<\/p><\/td><td><p>R$250,00<\/p><\/td><td><p>R$400,00<\/p><\/td><\/tr><tr><td><p><span>Docente do Ensino Superior ou EBTT SEM Associa\u00e7\u00e3o<\/span><\/p><\/td><td><p>R$600,00<\/p><\/td><td><p>R$800,00<\/p><\/td><td><p>R$1.000,00<\/p><\/td><td><p>R$1.200,00<\/p><\/td><\/tr><tr><td><p>Estudante de P\u00f3s-Gradua\u00e7\u00e3o SEM Associa\u00e7\u00e3o<\/p><\/td><td><p>R$400,00<\/p><\/td><td><p>R$500,00<\/p><\/td><td><p>R$600,00<\/p><\/td><td><p>R$800,00<\/p><\/td><\/tr><tr><td><p><span>Docente de Escola B\u00e1sica SEM Associa\u00e7\u00e3o<\/span><\/p><\/td><td><p>R$200,00<\/p><\/td><td><p>R$225,00<\/p><\/td><td><p>R$250,00<\/p><\/td><td><p>R$300,00<\/p><\/td><\/tr><tr><td><p><span>Estudante de Gradua\u00e7\u00e3o SEM Associa\u00e7\u00e3o<\/span><\/p><\/td><td><p>R$200,00<\/p><\/td><td><p>R$225,00<\/p><\/td><td><p>R$250,00<\/p><\/td><td><p>R$300,00<\/p><\/td><\/tr><tr><td><p>Profissional da Educa\u00e7\u00e3o n\u00e3o docente - SEM Associa\u00e7\u00e3o<\/p><\/td><td><p>R$300,00<\/p><\/td><td><p>R$400,00<\/p><\/td><td><p>R$500,00<\/p><\/td><td><p>R$800,00<\/p><\/td><\/tr><tr><td><p><span>Estudante de Escola B\u00e1sica ou T\u00e9cnico<\/span><\/p><\/td><td><p>R$50,00<\/p><\/td><td><p>R$75,00<\/p><\/td><td><p>R$100,00<\/p><\/td><td><p>R$150,00<\/p><\/td><\/tr><tr><td><p><span>Estrangeiro SEM ASSOCIA\u00c7\u00c3O MIDEC ou redes vinculadas<\/span><\/p><\/td><td><p>R$600,00<\/p><\/td><td><p>R$800,00<\/p><\/td><td><p>R$1.000,00<\/p><\/td><td><p>R$1.200,00<\/p><\/td><\/tr><\/tbody><\/table>\n            <\/div><\/div>\t\t\t\t<\/div>\n\t\t\t\t<div class=\"elementor-element elementor-element-6bd20b1 elementor-align-center elementor-widget elementor-widget-button\" data-id=\"6bd20b1\" data-element_type=\"widget\" data-widget_type=\"button.default\">\n\t\t\t\t\t\t\t\t\t\t<a class=\"elementor-button elementor-button-link elementor-size-sm\" href=\"https:\/\/app.ciente.studio\/xxiiieneq\/subscription\" target=\"_blank\">\n\t\t\t\t\t\t<span class=\"elementor-button-content-wrapper\">\n\t\t\t\t\t\t<span class=\"elementor-button-icon\">\n\t\t\t\t<i aria-hidden=\"true\" class=\"hm hm-form\"><\/i>\t\t\t<\/span>\n\t\t\t\t\t\t\t\t\t<span class=\"elementor-button-text\"> Inscreva-se clicando AQUI<\/span>\n\t\t\t\t\t<\/span>\n\t\t\t\t\t<\/a>\n\t\t\t\t\t\t\t\t<\/div>\n\t\t\t\t<div class=\"elementor-element elementor-element-069e5c5 elementor-widget elementor-widget-image\" data-id=\"069e5c5\" data-element_type=\"widget\" data-widget_type=\"image.default\">\n\t\t\t\t\t\t\t\t\t\t\t\t\t\t\t<img fetchpriority=\"high\" decoding=\"async\" width=\"300\" height=\"190\" src=\"https:\/\/portal.sbenq.org.br\/eneq\/wp-content\/uploads\/sites\/3\/2026\/02\/mercado-300x190.png\" class=\"attachment-medium size-medium wp-image-487\" alt=\"\" srcset=\"https:\/\/portal.sbenq.org.br\/eneq\/wp-content\/uploads\/sites\/3\/2026\/02\/mercado-300x190.png 300w, https:\/\/portal.sbenq.org.br\/eneq\/wp-content\/uploads\/sites\/3\/2026\/02\/mercado-1024x648.png 1024w, https:\/\/portal.sbenq.org.br\/eneq\/wp-content\/uploads\/sites\/3\/2026\/02\/mercado-768x486.png 768w, https:\/\/portal.sbenq.org.br\/eneq\/wp-content\/uploads\/sites\/3\/2026\/02\/mercado-1536x972.png 1536w, https:\/\/portal.sbenq.org.br\/eneq\/wp-content\/uploads\/sites\/3\/2026\/02\/mercado-2048x1296.png 2048w\" sizes=\"(max-width: 300px) 100vw, 300px\" \/>\t\t\t\t\t\t\t\t\t\t\t\t\t\t\t<\/div>\n\t\t\t\t\t<\/div>\n\t\t\t\t<\/div>\n\t\t\t\t<\/div>\n\t\t","protected":false},"excerpt":{"rendered":"<p>O ENEQ e seus eventos integrados ter\u00e1 diferentes categorias de inscri\u00e7\u00e3o, conforme abaixo. Por ser um sistema\u00a0paralelo ao site, orientamos fortemente a visualiza\u00e7\u00e3o dos tutoriais de inscri\u00e7\u00e3o (clique aqui para os tutoriais) Note-se que antes de efetivar a inscri\u00e7\u00e3o, voc\u00ea deve ter pronto para envio o COMPROVANTE de sua modalidade.\u00a0O sistema aceita imagens e arquivos PDF que n\u00e3o ultrapassem 1 Mb. A modalidade\u00a0&#8220;Associa\u00e7\u00e3o SBEnQ ou sociedades parceiras&#8221;\u00a0requer o envio da comprova\u00e7\u00e3o da associa\u00e7\u00e3o \u00e0 SBEnQ via carteira de associado (dispon\u00edvel em https:\/\/associacoes.softaliza.com.br\/login\/sbenq) ou de comprovante equivalente da sociedade parceira. Sociedades parceiras s\u00e3o: MIDEC, ABRAPEC, SBQ, ADEQRA e ADEQ. Somente ap\u00f3s a confirma\u00e7\u00e3o do comprovante ser\u00e1 efetivada a inscri\u00e7\u00e3o na modalidade. Caso haja inscri\u00e7\u00e3o em modalidade errada, ser\u00e1 necess\u00e1ria a altera\u00e7\u00e3o da modalidade e corre\u00e7\u00e3o\u00a0do valor da inscri\u00e7\u00e3o. Os lotes t\u00eam altera\u00e7\u00e3o do valor automaticamente \u00e0s 23h59min da data limite discriminada. A inscri\u00e7\u00e3o somente \u00e9 confirmada ap\u00f3s a\u00a0compensa\u00e7\u00e3o do valor. Caso o\/a participante preencha os dados de inscri\u00e7\u00e3o, mas n\u00e3o pague na data limite do boleto, o cart\u00e3o de cr\u00e9dito n\u00e3o autorize ou o pix n\u00e3o seja efetivado, ser\u00e1 preciso realizar\u00a0novo procedimento de pagamento, que, se virado o prazo do Lote, ocorrer\u00e1 com o valor do novo lote de inscri\u00e7\u00f5es. Inscreva-se clicando AQUI Categoria Lote 1 (at\u00e9 10\/05), parcel\u00e1vel em at\u00e9 2x Lote 2 (at\u00e9 31\/07) Lote 3 (at\u00e9 31\/10) Lote 4 (at\u00e9 06\/11) Associa\u00e7\u00e3o SBEnQ ou sociedades parceiras &#8211; Docente Superior ou EBTT R$300,00 R$400,00 R$500,00 R$600,00 Associa\u00e7\u00e3o SBEnQ ou sociedades parceiras &#8211; Estudante de P\u00f3s-Gradua\u00e7\u00e3o R$200,00 R$250,00 R$300,00 R$400,00 Associa\u00e7\u00e3o SBEnQ ou parceiras &#8211; Docente Escola B\u00e1sica R$100,00 R$125,00 R$150,00 R$200,00 Associa\u00e7\u00e3o SBEnQ ou sociedades parceiras &#8211; Estudante de Gradua\u00e7\u00e3o R$100,00 R$125,00 R$150,00 R$200,00 Associa\u00e7\u00e3o SBEnQ ou sociedades parceiras &#8211; Profissional da Educa\u00e7\u00e3o n\u00e3o docente R$150,00 R$200,00 R$250,00 R$400,00 Docente do Ensino Superior ou EBTT SEM Associa\u00e7\u00e3o R$600,00 R$800,00 R$1.000,00 R$1.200,00 Estudante de P\u00f3s-Gradua\u00e7\u00e3o SEM Associa\u00e7\u00e3o R$400,00 R$500,00 R$600,00 R$800,00 Docente de Escola B\u00e1sica SEM Associa\u00e7\u00e3o R$200,00 R$225,00 R$250,00 R$300,00 Estudante de Gradua\u00e7\u00e3o SEM Associa\u00e7\u00e3o R$200,00 R$225,00 R$250,00 R$300,00 Profissional da Educa\u00e7\u00e3o n\u00e3o docente &#8211; SEM Associa\u00e7\u00e3o R$300,00 R$400,00 R$500,00 R$800,00 Estudante de Escola B\u00e1sica ou T\u00e9cnico R$50,00 R$75,00 R$100,00 R$150,00 Estrangeiro SEM ASSOCIA\u00c7\u00c3O MIDEC ou redes vinculadas R$600,00 R$800,00 R$1.000,00 R$1.200,00 Inscreva-se clicando AQUI<\/p>\n","protected":false},"author":13,"featured_media":0,"parent":0,"menu_order":0,"comment_status":"closed","ping_status":"closed","template":"","meta":{"footnotes":""},"class_list":["post-88","page","type-page","status-publish","hentry"],"_links":{"self":[{"href":"https:\/\/portal.sbenq.org.br\/eneq\/wp-json\/wp\/v2\/pages\/88","targetHints":{"allow":["GET"]}}],"collection":[{"href":"https:\/\/portal.sbenq.org.br\/eneq\/wp-json\/wp\/v2\/pages"}],"about":[{"href":"https:\/\/portal.sbenq.org.br\/eneq\/wp-json\/wp\/v2\/types\/page"}],"author":[{"embeddable":true,"href":"https:\/\/portal.sbenq.org.br\/eneq\/wp-json\/wp\/v2\/users\/13"}],"replies":[{"embeddable":true,"href":"https:\/\/portal.sbenq.org.br\/eneq\/wp-json\/wp\/v2\/comments?post=88"}],"version-history":[{"count":35,"href":"https:\/\/portal.sbenq.org.br\/eneq\/wp-json\/wp\/v2\/pages\/88\/revisions"}],"predecessor-version":[{"id":1026,"href":"https:\/\/portal.sbenq.org.br\/eneq\/wp-json\/wp\/v2\/pages\/88\/revisions\/1026"}],"wp:attachment":[{"href":"https:\/\/portal.sbenq.org.br\/eneq\/wp-json\/wp\/v2\/media?parent=88"}],"curies":[{"name":"wp","href":"https:\/\/api.w.org\/{rel}","templated":true}]}}