{"id":92,"date":"2025-11-10T16:18:28","date_gmt":"2025-11-10T19:18:28","guid":{"rendered":"https:\/\/portal.sbenq.org.br\/eneq\/?page_id=92"},"modified":"2026-02-27T11:05:43","modified_gmt":"2026-02-27T14:05:43","slug":"tutoriais-para-inscricao","status":"publish","type":"page","link":"https:\/\/portal.sbenq.org.br\/eneq\/inscricoes\/tutoriais-para-inscricao\/","title":{"rendered":"Tutoriais para inscri\u00e7\u00e3o e submiss\u00e3o"},"content":{"rendered":"\t\t<div data-elementor-type=\"wp-page\" data-elementor-id=\"92\" class=\"elementor elementor-92\" data-elementor-settings=\"{&quot;ha_cmc_init_switcher&quot;:&quot;no&quot;}\" data-elementor-post-type=\"page\">\n\t\t\t\t<div class=\"elementor-element elementor-element-9e72d78 e-flex e-con-boxed wpr-particle-no wpr-jarallax-no wpr-parallax-no wpr-sticky-section-no e-con e-parent\" data-id=\"9e72d78\" data-element_type=\"container\" data-settings=\"{&quot;_ha_eqh_enable&quot;:false}\">\n\t\t\t\t\t<div class=\"e-con-inner\">\n\t\t\t\t<div class=\"elementor-element elementor-element-8fa1ab6 elementor-widget elementor-widget-text-editor\" data-id=\"8fa1ab6\" data-element_type=\"widget\" data-widget_type=\"text-editor.default\">\n\t\t\t\t\t\t\t\t\t<p>O sistema de eventos da SBEnQ compreende este site, aberto, e o sistema de pagamentos e submiss\u00f5es (fechado a quem se logou). Ele \u00e9 muito simples, tanto para a inscri\u00e7\u00e3o quanto para a submiss\u00e3o, bem como para o acompanhamento desses itens.<\/p><p>\u00a0<\/p><p>Abaixo voc\u00ea tem acesso a v\u00eddeos tutoriais sobre essas a\u00e7\u00f5es no sistema.<\/p><p>\u00a0<\/p><h4><strong>Link para Tutorial de Inscri\u00e7\u00e3o:<\/strong><\/h4><p><iframe title=\"Ciente Studio - Como submeter um trabalho\" width=\"800\" height=\"450\" src=\"https:\/\/www.youtube.com\/embed\/k88dVym1UAE?start=94&feature=oembed\" frameborder=\"0\" allow=\"accelerometer; autoplay; clipboard-write; encrypted-media; gyroscope; picture-in-picture; web-share\" referrerpolicy=\"strict-origin-when-cross-origin\" allowfullscreen><\/iframe><\/p><p>\u00a0<\/p><p>\u00a0<\/p><h4><strong>Link para Tutorial de Submiss\u00e3o:<\/strong><\/h4><p><iframe title=\"Ciente Studio - Como submeter um trabalho\" width=\"800\" height=\"450\" src=\"https:\/\/www.youtube.com\/embed\/k88dVym1UAE?start=62&feature=oembed\" frameborder=\"0\" allow=\"accelerometer; autoplay; clipboard-write; encrypted-media; gyroscope; picture-in-picture; web-share\" referrerpolicy=\"strict-origin-when-cross-origin\" allowfullscreen><\/iframe><\/p><p>\u00a0<\/p><p>\u00a0<\/p><p>\u00a0<\/p><p>\u00a0<\/p>\t\t\t\t\t\t\t\t<\/div>\n\t\t\t\t\t<\/div>\n\t\t\t\t<\/div>\n\t\t\t\t<\/div>\n\t\t","protected":false},"excerpt":{"rendered":"<p>O sistema de eventos da SBEnQ compreende este site, aberto, e o sistema de pagamentos e submiss\u00f5es (fechado a quem se logou). Ele \u00e9 muito simples, tanto para a inscri\u00e7\u00e3o quanto para a submiss\u00e3o, bem como para o acompanhamento desses itens. \u00a0 Abaixo voc\u00ea tem acesso a v\u00eddeos tutoriais sobre essas a\u00e7\u00f5es no sistema. \u00a0 Link para Tutorial de Inscri\u00e7\u00e3o: \u00a0 \u00a0 Link para Tutorial de Submiss\u00e3o: \u00a0 \u00a0 \u00a0 \u00a0<\/p>\n","protected":false},"author":13,"featured_media":0,"parent":88,"menu_order":0,"comment_status":"closed","ping_status":"closed","template":"","meta":{"footnotes":""},"class_list":["post-92","page","type-page","status-publish","hentry"],"_links":{"self":[{"href":"https:\/\/portal.sbenq.org.br\/eneq\/wp-json\/wp\/v2\/pages\/92","targetHints":{"allow":["GET"]}}],"collection":[{"href":"https:\/\/portal.sbenq.org.br\/eneq\/wp-json\/wp\/v2\/pages"}],"about":[{"href":"https:\/\/portal.sbenq.org.br\/eneq\/wp-json\/wp\/v2\/types\/page"}],"author":[{"embeddable":true,"href":"https:\/\/portal.sbenq.org.br\/eneq\/wp-json\/wp\/v2\/users\/13"}],"replies":[{"embeddable":true,"href":"https:\/\/portal.sbenq.org.br\/eneq\/wp-json\/wp\/v2\/comments?post=92"}],"version-history":[{"count":8,"href":"https:\/\/portal.sbenq.org.br\/eneq\/wp-json\/wp\/v2\/pages\/92\/revisions"}],"predecessor-version":[{"id":962,"href":"https:\/\/portal.sbenq.org.br\/eneq\/wp-json\/wp\/v2\/pages\/92\/revisions\/962"}],"up":[{"embeddable":true,"href":"https:\/\/portal.sbenq.org.br\/eneq\/wp-json\/wp\/v2\/pages\/88"}],"wp:attachment":[{"href":"https:\/\/portal.sbenq.org.br\/eneq\/wp-json\/wp\/v2\/media?parent=92"}],"curies":[{"name":"wp","href":"https:\/\/api.w.org\/{rel}","templated":true}]}}